{"id":193,"date":"2023-12-03T14:43:08","date_gmt":"2023-12-03T14:43:08","guid":{"rendered":"https:\/\/mv-data.at\/?page_id=193"},"modified":"2024-09-24T12:41:29","modified_gmt":"2024-09-24T12:41:29","slug":"toshiba-tcx-6145-1tn","status":"publish","type":"page","link":"https:\/\/mv-data.at\/?page_id=193","title":{"rendered":"TOSHIBA TCx 6145-1TN"},"content":{"rendered":"\t\t<div data-elementor-type=\"wp-page\" data-elementor-id=\"193\" class=\"elementor elementor-193\" data-elementor-post-type=\"page\">\n\t\t\t\t<div class=\"elementor-element elementor-element-4a0f152 e-flex e-con-boxed e-con e-parent\" data-id=\"4a0f152\" data-element_type=\"container\" data-e-type=\"container\">\n\t\t\t\t\t<div class=\"e-con-inner\">\n\t\t\t\t<div class=\"elementor-element elementor-element-88baa4a elementor-widget elementor-widget-heading\" data-id=\"88baa4a\" data-element_type=\"widget\" data-e-type=\"widget\" data-widget_type=\"heading.default\">\n\t\t\t\t<div class=\"elementor-widget-container\">\n\t\t\t\t\t<h2 class=\"elementor-heading-title elementor-size-default\">Der TOSHIBA TCx 6145-1TN \u2013 Ihr leistungsstarker Partner f\u00fcr schnellen und zuverl\u00e4ssigen Druck!<\/h2>\t\t\t\t<\/div>\n\t\t\t\t<\/div>\n\t\t\t\t<div class=\"elementor-element elementor-element-74229c6 elementor-widget elementor-widget-heading\" data-id=\"74229c6\" data-element_type=\"widget\" data-e-type=\"widget\" data-widget_type=\"heading.default\">\n\t\t\t\t<div class=\"elementor-widget-container\">\n\t\t\t\t\t<h2 class=\"elementor-heading-title elementor-size-default\">Entdecken Sie den TOSHIBA TCx 6145-1TN, den schnellsten POS-Drucker der Branche, perfekt f\u00fcr anspruchsvolle Einzelhandels- und Gastronomieumgebungen. Mit einer branchenf\u00fchrenden Druckgeschwindigkeit von 406 mm pro Sekunde* und einer hervorragenden Druckaufl\u00f6sung von 203 DPI sorgt dieser Drucker f\u00fcr eine 14% bessere Bildklarheit und schnelle, effiziente Belege.<\/h2>\t\t\t\t<\/div>\n\t\t\t\t<\/div>\n\t\t\t\t\t<\/div>\n\t\t\t\t<\/div>\n\t\t<div class=\"elementor-element elementor-element-7b2db71 e-flex e-con-boxed e-con e-parent\" data-id=\"7b2db71\" data-element_type=\"container\" data-e-type=\"container\">\n\t\t\t\t\t<div class=\"e-con-inner\">\n\t\t<div class=\"elementor-element elementor-element-97ccf94 e-con-full e-flex e-con e-child\" data-id=\"97ccf94\" data-element_type=\"container\" data-e-type=\"container\">\n\t\t\t\t<div class=\"elementor-element elementor-element-7c5660f elementor-widget elementor-widget-image\" data-id=\"7c5660f\" data-element_type=\"widget\" data-e-type=\"widget\" data-widget_type=\"image.default\">\n\t\t\t\t<div class=\"elementor-widget-container\">\n\t\t\t\t\t\t\t\t\t\t\t\t\t\t\t<img fetchpriority=\"high\" decoding=\"async\" width=\"478\" height=\"522\" src=\"https:\/\/mv-data.at\/wp-content\/uploads\/2023\/12\/TCx-SSP-Main.png\" class=\"attachment-large size-large wp-image-228\" alt=\"\" srcset=\"https:\/\/mv-data.at\/wp-content\/uploads\/2023\/12\/TCx-SSP-Main.png 478w, https:\/\/mv-data.at\/wp-content\/uploads\/2023\/12\/TCx-SSP-Main-275x300.png 275w\" sizes=\"(max-width: 478px) 100vw, 478px\" \/>\t\t\t\t\t\t\t\t\t\t\t\t\t\t\t<\/div>\n\t\t\t\t<\/div>\n\t\t\t\t<\/div>\n\t\t<div class=\"elementor-element elementor-element-b7f81cb e-con-full e-flex e-con e-child\" data-id=\"b7f81cb\" data-element_type=\"container\" data-e-type=\"container\">\n\t\t\t\t<div class=\"elementor-element elementor-element-18e186c elementor-widget elementor-widget-text-editor\" data-id=\"18e186c\" data-element_type=\"widget\" data-e-type=\"widget\" data-widget_type=\"text-editor.default\">\n\t\t\t\t<div class=\"elementor-widget-container\">\n\t\t\t\t\t\t\t\t\t<p style=\"font-weight: 400;\"><strong>Spitzentechnologie und Flexibilit\u00e4t:<\/strong>\u00a0Ausgestattet mit verschiedenen Anschlussm\u00f6glichkeiten wie USB, Ethernet, Wi-Fi und optional RS232, bietet der TCx 6145-1TN ultimative Flexibilit\u00e4t. Seine robuste Stahlrahmenkonstruktion, der verst\u00e4rkte Papierzugang und der einfache Druckdeckel mit Druckknopf stehen f\u00fcr Langlebigkeit und Benutzerfreundlichkeit.<\/p><p style=\"font-weight: 400;\"><strong>Vorbeugende L\u00f6sungen und Umweltfreundlichkeit:<\/strong>\u00a0Dank fortschrittlicher Tools wie der Fern\u00fcberwachung k\u00f6nnen Probleme erkannt werden, bevor sie auftreten. Dieser umweltfreundliche Drucker zeichnet sich durch geringen Stromverbrauch, eine Papierersparnisoption und vieles mehr aus.<\/p><p style=\"font-weight: 400;\"><strong>Kosteneinsparungen:<\/strong>\u00a0Der Papierreduktionsmodus des Druckers hilft, den Papierverbrauch um \u00fcber 30% zu reduzieren, was sowohl umweltfreundlich als auch kostensparend ist.<\/p><p style=\"font-weight: 400;\"><strong>Zuverl\u00e4ssigkeit:<\/strong>\u00a0Der TCx 6145-1TN ist darauf ausgelegt, Papierstaus zu minimieren. Dank seines innovativen Papiersensors, der gegen Schmutz unempfindlich ist, ist er besonders zuverl\u00e4ssig in anspruchsvollen Umgebungen.<\/p><p style=\"font-weight: 400;\"><strong>Benutzerfreundlichkeit:<\/strong>\u00a0Das Nachladen von Papier ist dank des federunterst\u00fctzten, einfachen Druckmechanismus ein Kinderspiel. Dies erleichtert den Alltag und spart wertvolle Zeit.<\/p><p style=\"font-weight: 400;\">Besuchen Sie uns, um mehr \u00fcber den TOSHIBA TCx 6145-1TN zu erfahren und wie er Ihr Gesch\u00e4ft effizienter und kundenfreundlicher gestalten kann.<\/p>\t\t\t\t\t\t\t\t<\/div>\n\t\t\t\t<\/div>\n\t\t\t\t<div class=\"elementor-element elementor-element-3de7a62 elementor-widget elementor-widget-button\" data-id=\"3de7a62\" data-element_type=\"widget\" data-e-type=\"widget\" data-widget_type=\"button.default\">\n\t\t\t\t<div class=\"elementor-widget-container\">\n\t\t\t\t\t\t\t\t\t<div class=\"elementor-button-wrapper\">\n\t\t\t\t\t<a class=\"elementor-button elementor-button-link elementor-size-sm\" href=\"https:\/\/mv-data.at\/?page_id=131\">\n\t\t\t\t\t\t<span class=\"elementor-button-content-wrapper\">\n\t\t\t\t\t\t\t\t\t<span class=\"elementor-button-text\">Kontakt<\/span>\n\t\t\t\t\t<\/span>\n\t\t\t\t\t<\/a>\n\t\t\t\t<\/div>\n\t\t\t\t\t\t\t\t<\/div>\n\t\t\t\t<\/div>\n\t\t\t\t<\/div>\n\t\t\t\t\t<\/div>\n\t\t\t\t<\/div>\n\t\t\t\t<\/div>\n\t\t","protected":false},"excerpt":{"rendered":"<p>Der TOSHIBA TCx 6145-1TN \u2013 Ihr leistungsstarker Partner f\u00fcr schnellen und zuverl\u00e4ssigen Druck! Entdecken Sie den TOSHIBA TCx 6145-1TN, den schnellsten POS-Drucker der Branche, perfekt f\u00fcr anspruchsvolle Einzelhandels- und Gastronomieumgebungen. Mit einer branchenf\u00fchrenden Druckgeschwindigkeit von 406 mm pro Sekunde* und einer hervorragenden Druckaufl\u00f6sung von 203 DPI sorgt dieser Drucker f\u00fcr eine 14% bessere Bildklarheit und [&hellip;]<\/p>\n","protected":false},"author":1,"featured_media":0,"parent":0,"menu_order":0,"comment_status":"closed","ping_status":"closed","template":"","meta":{"site-sidebar-layout":"no-sidebar","site-content-layout":"","ast-site-content-layout":"full-width-container","site-content-style":"default","site-sidebar-style":"default","ast-global-header-display":"","ast-banner-title-visibility":"","ast-main-header-display":"","ast-hfb-above-header-display":"","ast-hfb-below-header-display":"","ast-hfb-mobile-header-display":"","site-post-title":"disabled","ast-breadcrumbs-content":"","ast-featured-img":"disabled","footer-sml-layout":"","theme-transparent-header-meta":"","adv-header-id-meta":"","stick-header-meta":"","header-above-stick-meta":"","header-main-stick-meta":"","header-below-stick-meta":"","astra-migrate-meta-layouts":"default","ast-page-background-enabled":"default","ast-page-background-meta":{"desktop":{"background-color":"var(--ast-global-color-4)","background-image":"","background-repeat":"repeat","background-position":"center center","background-size":"auto","background-attachment":"scroll","background-type":"","background-media":"","overlay-type":"","overlay-color":"","overlay-opacity":"","overlay-gradient":""},"tablet":{"background-color":"","background-image":"","background-repeat":"repeat","background-position":"center center","background-size":"auto","background-attachment":"scroll","background-type":"","background-media":"","overlay-type":"","overlay-color":"","overlay-opacity":"","overlay-gradient":""},"mobile":{"background-color":"","background-image":"","background-repeat":"repeat","background-position":"center center","background-size":"auto","background-attachment":"scroll","background-type":"","background-media":"","overlay-type":"","overlay-color":"","overlay-opacity":"","overlay-gradient":""}},"ast-content-background-meta":{"desktop":{"background-color":"var(--ast-global-color-5)","background-image":"","background-repeat":"repeat","background-position":"center center","background-size":"auto","background-attachment":"scroll","background-type":"","background-media":"","overlay-type":"","overlay-color":"","overlay-opacity":"","overlay-gradient":""},"tablet":{"background-color":"var(--ast-global-color-5)","background-image":"","background-repeat":"repeat","background-position":"center center","background-size":"auto","background-attachment":"scroll","background-type":"","background-media":"","overlay-type":"","overlay-color":"","overlay-opacity":"","overlay-gradient":""},"mobile":{"background-color":"var(--ast-global-color-5)","background-image":"","background-repeat":"repeat","background-position":"center center","background-size":"auto","background-attachment":"scroll","background-type":"","background-media":"","overlay-type":"","overlay-color":"","overlay-opacity":"","overlay-gradient":""}},"footnotes":""},"class_list":["post-193","page","type-page","status-publish","hentry"],"_links":{"self":[{"href":"https:\/\/mv-data.at\/index.php?rest_route=\/wp\/v2\/pages\/193","targetHints":{"allow":["GET"]}}],"collection":[{"href":"https:\/\/mv-data.at\/index.php?rest_route=\/wp\/v2\/pages"}],"about":[{"href":"https:\/\/mv-data.at\/index.php?rest_route=\/wp\/v2\/types\/page"}],"author":[{"embeddable":true,"href":"https:\/\/mv-data.at\/index.php?rest_route=\/wp\/v2\/users\/1"}],"replies":[{"embeddable":true,"href":"https:\/\/mv-data.at\/index.php?rest_route=%2Fwp%2Fv2%2Fcomments&post=193"}],"version-history":[{"count":19,"href":"https:\/\/mv-data.at\/index.php?rest_route=\/wp\/v2\/pages\/193\/revisions"}],"predecessor-version":[{"id":439,"href":"https:\/\/mv-data.at\/index.php?rest_route=\/wp\/v2\/pages\/193\/revisions\/439"}],"wp:attachment":[{"href":"https:\/\/mv-data.at\/index.php?rest_route=%2Fwp%2Fv2%2Fmedia&parent=193"}],"curies":[{"name":"wp","href":"https:\/\/api.w.org\/{rel}","templated":true}]}}