{"id":23,"date":"2023-12-02T10:45:02","date_gmt":"2023-12-02T10:45:02","guid":{"rendered":"https:\/\/mv-data.at\/?page_id=23"},"modified":"2024-09-25T09:35:40","modified_gmt":"2024-09-25T09:35:40","slug":"jettable","status":"publish","type":"page","link":"https:\/\/mv-data.at\/?page_id=23","title":{"rendered":"JetTable"},"content":{"rendered":"\t\t<div data-elementor-type=\"wp-page\" data-elementor-id=\"23\" class=\"elementor elementor-23\" data-elementor-post-type=\"page\">\n\t\t\t\t<div class=\"elementor-element elementor-element-9be0f97 e-flex e-con-boxed e-con e-parent\" data-id=\"9be0f97\" data-element_type=\"container\" data-e-type=\"container\">\n\t\t\t\t\t<div class=\"e-con-inner\">\n\t\t\t\t<div class=\"elementor-element elementor-element-a9348a4 elementor-widget elementor-widget-heading\" data-id=\"a9348a4\" data-element_type=\"widget\" data-e-type=\"widget\" data-widget_type=\"heading.default\">\n\t\t\t\t<div class=\"elementor-widget-container\">\n\t\t\t\t\t<h2 class=\"elementor-heading-title elementor-size-default\">JetOrder - Erleben Sie die Zukunft der Gastronomie mit unserem interaktiven Bestelltisch!<\/h2>\t\t\t\t<\/div>\n\t\t\t\t<\/div>\n\t\t\t\t\t<\/div>\n\t\t\t\t<\/div>\n\t\t<div class=\"elementor-element elementor-element-9d42bfa e-flex e-con-boxed e-con e-parent\" data-id=\"9d42bfa\" data-element_type=\"container\" data-e-type=\"container\">\n\t\t\t\t\t<div class=\"e-con-inner\">\n\t\t\t\t<div class=\"elementor-element elementor-element-40566c7 elementor-widget elementor-widget-heading\" data-id=\"40566c7\" data-element_type=\"widget\" data-e-type=\"widget\" data-widget_type=\"heading.default\">\n\t\t\t\t<div class=\"elementor-widget-container\">\n\t\t\t\t\t<h2 class=\"elementor-heading-title elementor-size-default\">Willkommen in der Zukunft der Gastronomie! MV-Data pr\u00e4sentiert das innovative Selbstbedienungsterminal \u2013 eine intelligente L\u00f6sung, die Ihr Fast-Food-Restaurant transformiert. Unser Terminal bietet eine nahtlose Kombination aus Benutzerfreundlichkeit, Effizienzsteigerung und Umsatzwachstum.<\/h2>\t\t\t\t<\/div>\n\t\t\t\t<\/div>\n\t\t\t\t\t<\/div>\n\t\t\t\t<\/div>\n\t\t<div class=\"elementor-element elementor-element-a45f9ef e-flex e-con-boxed e-con e-parent\" data-id=\"a45f9ef\" data-element_type=\"container\" data-e-type=\"container\">\n\t\t\t\t\t<div class=\"e-con-inner\">\n\t\t<div class=\"elementor-element elementor-element-5123cf6 e-con-full e-flex e-con e-child\" data-id=\"5123cf6\" data-element_type=\"container\" data-e-type=\"container\">\n\t\t\t\t<div class=\"elementor-element elementor-element-48de1a0 elementor-arrows-position-inside elementor-pagination-position-outside elementor-widget elementor-widget-image-carousel\" data-id=\"48de1a0\" data-element_type=\"widget\" data-e-type=\"widget\" data-settings=\"{&quot;slides_to_show&quot;:&quot;1&quot;,&quot;navigation&quot;:&quot;both&quot;,&quot;autoplay&quot;:&quot;yes&quot;,&quot;pause_on_hover&quot;:&quot;yes&quot;,&quot;pause_on_interaction&quot;:&quot;yes&quot;,&quot;autoplay_speed&quot;:5000,&quot;infinite&quot;:&quot;yes&quot;,&quot;effect&quot;:&quot;slide&quot;,&quot;speed&quot;:500}\" data-widget_type=\"image-carousel.default\">\n\t\t\t\t<div class=\"elementor-widget-container\">\n\t\t\t\t\t\t\t<div class=\"elementor-image-carousel-wrapper swiper\" role=\"region\" aria-roledescription=\"carousel\" aria-label=\"Image Carousel\" dir=\"ltr\">\n\t\t\t<div class=\"elementor-image-carousel swiper-wrapper\" aria-live=\"off\">\n\t\t\t\t\t\t\t\t<div class=\"swiper-slide\" role=\"group\" aria-roledescription=\"slide\" aria-label=\"1 of 3\"><figure class=\"swiper-slide-inner\"><img decoding=\"async\" class=\"swiper-slide-image\" src=\"https:\/\/mv-data.at\/wp-content\/uploads\/2023\/12\/DSC_9536-scaled.jpg\" alt=\"DSC_9536\" \/><\/figure><\/div><div class=\"swiper-slide\" role=\"group\" aria-roledescription=\"slide\" aria-label=\"2 of 3\"><figure class=\"swiper-slide-inner\"><img decoding=\"async\" class=\"swiper-slide-image\" src=\"https:\/\/mv-data.at\/wp-content\/uploads\/2023\/12\/DSC_9532-scaled.jpg\" alt=\"DSC_9532\" \/><\/figure><\/div><div class=\"swiper-slide\" role=\"group\" aria-roledescription=\"slide\" aria-label=\"3 of 3\"><figure class=\"swiper-slide-inner\"><img decoding=\"async\" class=\"swiper-slide-image\" src=\"https:\/\/mv-data.at\/wp-content\/uploads\/2023\/12\/DSC_9538-scaled.jpg\" alt=\"DSC_9538\" \/><\/figure><\/div>\t\t\t<\/div>\n\t\t\t\t\t\t\t\t\t\t\t\t<div class=\"elementor-swiper-button elementor-swiper-button-prev\" role=\"button\" tabindex=\"0\">\n\t\t\t\t\t\t<svg aria-hidden=\"true\" class=\"e-font-icon-svg e-eicon-chevron-left\" viewBox=\"0 0 1000 1000\" xmlns=\"http:\/\/www.w3.org\/2000\/svg\"><path d=\"M646 125C629 125 613 133 604 142L308 442C296 454 292 471 292 487 292 504 296 521 308 533L604 854C617 867 629 875 646 875 663 875 679 871 692 858 704 846 713 829 713 812 713 796 708 779 692 767L438 487 692 225C700 217 708 204 708 187 708 171 704 154 692 142 675 129 663 125 646 125Z\"><\/path><\/svg>\t\t\t\t\t<\/div>\n\t\t\t\t\t<div class=\"elementor-swiper-button elementor-swiper-button-next\" role=\"button\" tabindex=\"0\">\n\t\t\t\t\t\t<svg aria-hidden=\"true\" class=\"e-font-icon-svg e-eicon-chevron-right\" viewBox=\"0 0 1000 1000\" xmlns=\"http:\/\/www.w3.org\/2000\/svg\"><path d=\"M696 533C708 521 713 504 713 487 713 471 708 454 696 446L400 146C388 133 375 125 354 125 338 125 325 129 313 142 300 154 292 171 292 187 292 204 296 221 308 233L563 492 304 771C292 783 288 800 288 817 288 833 296 850 308 863 321 871 338 875 354 875 371 875 388 867 400 854L696 533Z\"><\/path><\/svg>\t\t\t\t\t<\/div>\n\t\t\t\t\n\t\t\t\t\t\t\t\t\t<div class=\"swiper-pagination\"><\/div>\n\t\t\t\t\t\t\t\t\t<\/div>\n\t\t\t\t\t\t<\/div>\n\t\t\t\t<\/div>\n\t\t\t\t<\/div>\n\t\t<div class=\"elementor-element elementor-element-f435b20 e-con-full e-flex e-con e-child\" data-id=\"f435b20\" data-element_type=\"container\" data-e-type=\"container\">\n\t\t\t\t<div class=\"elementor-element elementor-element-9206f45 elementor-widget elementor-widget-text-editor\" data-id=\"9206f45\" data-element_type=\"widget\" data-e-type=\"widget\" data-widget_type=\"text-editor.default\">\n\t\t\t\t<div class=\"elementor-widget-container\">\n\t\t\t\t\t\t\t\t\t<p>Direktes Bestellen am Tisch: Unser Bestelltisch transformiert die Art und Weise, wie Ihre Kunden interagieren und bestellen. Ohne auf die Bedienung warten zu m\u00fcssen, k\u00f6nnen G\u00e4ste in aller Ruhe durch das Men\u00fc bl\u00e4ttern, ihre Auswahl treffen und direkt am Tisch bestellen. Diese unmittelbare Bestellm\u00f6glichkeit sorgt f\u00fcr eine gesteigerte Kundenzufriedenheit und einen schnelleren Service.<\/p><p>Moderne und intuitive Bedienung: Der Tisch ist mit einer benutzerfreundlichen, interaktiven Oberfl\u00e4che ausgestattet, die es einfach macht, durch das Men\u00fc zu navigieren, Speisen und Getr\u00e4nke auszuw\u00e4hlen und spezielle W\u00fcnsche anzugeben. Die moderne Technologie des Bestelltisches bietet ein spannendes und interaktives Erlebnis f\u00fcr Ihre G\u00e4ste.<\/p><p>Effizienzsteigerung und Umsatzwachstum: Durch die M\u00f6glichkeit, direkt am Tisch zu bestellen, wird der Bestellvorgang nicht nur beschleunigt, sondern auch optimiert. Dies f\u00fchrt zu einer verbesserten Effizienz in Ihrem Restaurant und kann gleichzeitig den Umsatz steigern, da G\u00e4ste eher dazu neigen, zus\u00e4tzliche Artikel zu bestellen.<\/p><p>Design, das begeistert: Neben seiner Funktionalit\u00e4t besticht unser Bestelltisch auch durch sein ansprechendes Design. Er f\u00fcgt sich nahtlos in das Ambiente Ihres Restaurants ein und bietet gleichzeitig einen modernen, technologischen Akzent, der die Aufmerksamkeit Ihrer G\u00e4ste auf sich zieht.<\/p><p>Kontaktieren Sie uns: M\u00f6chten Sie Ihr Restauranterlebnis auf das n\u00e4chste Level heben? Kontaktieren Sie uns f\u00fcr weitere Informationen oder eine unverbindliche Demonstration unseres Bestelltisches. Erleben Sie, wie diese innovative L\u00f6sung Ihre G\u00e4ste begeistert und Ihren Betrieb effizienter macht.<\/p>\t\t\t\t\t\t\t\t<\/div>\n\t\t\t\t<\/div>\n\t\t\t\t<div class=\"elementor-element elementor-element-c6a24a9 elementor-widget elementor-widget-heading\" data-id=\"c6a24a9\" data-element_type=\"widget\" data-e-type=\"widget\" data-widget_type=\"heading.default\">\n\t\t\t\t<div class=\"elementor-widget-container\">\n\t\t\t\t\t<h2 class=\"elementor-heading-title elementor-size-default\">Kontaktieren Sie uns:<\/h2>\t\t\t\t<\/div>\n\t\t\t\t<\/div>\n\t\t\t\t<div class=\"elementor-element elementor-element-30a4c0d elementor-widget elementor-widget-heading\" data-id=\"30a4c0d\" data-element_type=\"widget\" data-e-type=\"widget\" data-widget_type=\"heading.default\">\n\t\t\t\t<div class=\"elementor-widget-container\">\n\t\t\t\t\t<h2 class=\"elementor-heading-title elementor-size-default\">Sind Sie bereit, Ihr Fast-Food-Gesch\u00e4ft auf das n\u00e4chste Level zu heben? Kontaktieren Sie uns f\u00fcr weitere Informationen oder eine unverbindliche Demonstration unseres Selbstbedienungsterminals.<\/h2>\t\t\t\t<\/div>\n\t\t\t\t<\/div>\n\t\t\t\t<div class=\"elementor-element elementor-element-c5271c8 elementor-align-center elementor-widget elementor-widget-button\" data-id=\"c5271c8\" data-element_type=\"widget\" data-e-type=\"widget\" data-widget_type=\"button.default\">\n\t\t\t\t<div class=\"elementor-widget-container\">\n\t\t\t\t\t\t\t\t\t<div class=\"elementor-button-wrapper\">\n\t\t\t\t\t<a class=\"elementor-button elementor-button-link elementor-size-md\" href=\"https:\/\/mv-data.at\/?page_id=131\">\n\t\t\t\t\t\t<span class=\"elementor-button-content-wrapper\">\n\t\t\t\t\t\t\t\t\t<span class=\"elementor-button-text\">Kontakt<\/span>\n\t\t\t\t\t<\/span>\n\t\t\t\t\t<\/a>\n\t\t\t\t<\/div>\n\t\t\t\t\t\t\t\t<\/div>\n\t\t\t\t<\/div>\n\t\t\t\t<\/div>\n\t\t\t\t\t<\/div>\n\t\t\t\t<\/div>\n\t\t<div class=\"elementor-element elementor-element-92476f9 e-flex e-con-boxed e-con e-parent\" data-id=\"92476f9\" data-element_type=\"container\" data-e-type=\"container\">\n\t\t\t\t\t<div class=\"e-con-inner\">\n\t\t\t\t<div class=\"elementor-element elementor-element-0f57b44 elementor-widget elementor-widget-video\" data-id=\"0f57b44\" data-element_type=\"widget\" data-e-type=\"widget\" data-settings=\"{&quot;youtube_url&quot;:&quot;https:\\\/\\\/youtu.be\\\/q2mGOWbzxIs?si=JVHJfeYn6EEucVDt&quot;,&quot;video_type&quot;:&quot;youtube&quot;,&quot;controls&quot;:&quot;yes&quot;}\" data-widget_type=\"video.default\">\n\t\t\t\t<div class=\"elementor-widget-container\">\n\t\t\t\t\t\t\t<div class=\"elementor-wrapper elementor-open-inline\">\n\t\t\t<div class=\"elementor-video\"><\/div>\t\t<\/div>\n\t\t\t\t\t\t<\/div>\n\t\t\t\t<\/div>\n\t\t\t\t\t<\/div>\n\t\t\t\t<\/div>\n\t\t\t\t<\/div>\n\t\t","protected":false},"excerpt":{"rendered":"<p>JetOrder &#8211; Erleben Sie die Zukunft der Gastronomie mit unserem interaktiven Bestelltisch! Willkommen in der Zukunft der Gastronomie! MV-Data pr\u00e4sentiert das innovative Selbstbedienungsterminal \u2013 eine intelligente L\u00f6sung, die Ihr Fast-Food-Restaurant transformiert. Unser Terminal bietet eine nahtlose Kombination aus Benutzerfreundlichkeit, Effizienzsteigerung und Umsatzwachstum. Direktes Bestellen am Tisch: Unser Bestelltisch transformiert die Art und Weise, wie Ihre [&hellip;]<\/p>\n","protected":false},"author":1,"featured_media":0,"parent":0,"menu_order":0,"comment_status":"closed","ping_status":"closed","template":"elementor_header_footer","meta":{"site-sidebar-layout":"no-sidebar","site-content-layout":"","ast-site-content-layout":"full-width-container","site-content-style":"default","site-sidebar-style":"default","ast-global-header-display":"","ast-banner-title-visibility":"","ast-main-header-display":"","ast-hfb-above-header-display":"","ast-hfb-below-header-display":"","ast-hfb-mobile-header-display":"","site-post-title":"disabled","ast-breadcrumbs-content":"","ast-featured-img":"disabled","footer-sml-layout":"","theme-transparent-header-meta":"","adv-header-id-meta":"","stick-header-meta":"","header-above-stick-meta":"","header-main-stick-meta":"","header-below-stick-meta":"","astra-migrate-meta-layouts":"default","ast-page-background-enabled":"default","ast-page-background-meta":{"desktop":{"background-color":"var(--ast-global-color-4)","background-image":"","background-repeat":"repeat","background-position":"center center","background-size":"auto","background-attachment":"scroll","background-type":"","background-media":"","overlay-type":"","overlay-color":"","overlay-opacity":"","overlay-gradient":""},"tablet":{"background-color":"","background-image":"","background-repeat":"repeat","background-position":"center center","background-size":"auto","background-attachment":"scroll","background-type":"","background-media":"","overlay-type":"","overlay-color":"","overlay-opacity":"","overlay-gradient":""},"mobile":{"background-color":"","background-image":"","background-repeat":"repeat","background-position":"center center","background-size":"auto","background-attachment":"scroll","background-type":"","background-media":"","overlay-type":"","overlay-color":"","overlay-opacity":"","overlay-gradient":""}},"ast-content-background-meta":{"desktop":{"background-color":"var(--ast-global-color-5)","background-image":"","background-repeat":"repeat","background-position":"center center","background-size":"auto","background-attachment":"scroll","background-type":"","background-media":"","overlay-type":"","overlay-color":"","overlay-opacity":"","overlay-gradient":""},"tablet":{"background-color":"var(--ast-global-color-5)","background-image":"","background-repeat":"repeat","background-position":"center center","background-size":"auto","background-attachment":"scroll","background-type":"","background-media":"","overlay-type":"","overlay-color":"","overlay-opacity":"","overlay-gradient":""},"mobile":{"background-color":"var(--ast-global-color-5)","background-image":"","background-repeat":"repeat","background-position":"center center","background-size":"auto","background-attachment":"scroll","background-type":"","background-media":"","overlay-type":"","overlay-color":"","overlay-opacity":"","overlay-gradient":""}},"footnotes":""},"class_list":["post-23","page","type-page","status-publish","hentry"],"_links":{"self":[{"href":"https:\/\/mv-data.at\/index.php?rest_route=\/wp\/v2\/pages\/23","targetHints":{"allow":["GET"]}}],"collection":[{"href":"https:\/\/mv-data.at\/index.php?rest_route=\/wp\/v2\/pages"}],"about":[{"href":"https:\/\/mv-data.at\/index.php?rest_route=\/wp\/v2\/types\/page"}],"author":[{"embeddable":true,"href":"https:\/\/mv-data.at\/index.php?rest_route=\/wp\/v2\/users\/1"}],"replies":[{"embeddable":true,"href":"https:\/\/mv-data.at\/index.php?rest_route=%2Fwp%2Fv2%2Fcomments&post=23"}],"version-history":[{"count":31,"href":"https:\/\/mv-data.at\/index.php?rest_route=\/wp\/v2\/pages\/23\/revisions"}],"predecessor-version":[{"id":465,"href":"https:\/\/mv-data.at\/index.php?rest_route=\/wp\/v2\/pages\/23\/revisions\/465"}],"wp:attachment":[{"href":"https:\/\/mv-data.at\/index.php?rest_route=%2Fwp%2Fv2%2Fmedia&parent=23"}],"curies":[{"name":"wp","href":"https:\/\/api.w.org\/{rel}","templated":true}]}}