{"id":295,"date":"2023-12-04T12:07:20","date_gmt":"2023-12-04T12:07:20","guid":{"rendered":"https:\/\/mv-data.at\/?page_id=295"},"modified":"2023-12-04T12:09:00","modified_gmt":"2023-12-04T12:09:00","slug":"datenschutzerklarung","status":"publish","type":"page","link":"https:\/\/mv-data.at\/?page_id=295","title":{"rendered":"Datenschutzerkl\u00e4rung"},"content":{"rendered":"\t\t<div data-elementor-type=\"wp-page\" data-elementor-id=\"295\" class=\"elementor elementor-295\" data-elementor-post-type=\"page\">\n\t\t\t\t<div class=\"elementor-element elementor-element-8144698 e-flex e-con-boxed e-con e-parent\" data-id=\"8144698\" data-element_type=\"container\" data-e-type=\"container\">\n\t\t\t\t\t<div class=\"e-con-inner\">\n\t\t\t\t<div class=\"elementor-element elementor-element-e118d88 elementor-widget elementor-widget-heading\" data-id=\"e118d88\" data-element_type=\"widget\" data-e-type=\"widget\" data-widget_type=\"heading.default\">\n\t\t\t\t<div class=\"elementor-widget-container\">\n\t\t\t\t\t<h2 class=\"elementor-heading-title elementor-size-default\">Datenschutzerkl\u00e4rung<\/h2>\t\t\t\t<\/div>\n\t\t\t\t<\/div>\n\t\t\t\t\t<\/div>\n\t\t\t\t<\/div>\n\t\t<div class=\"elementor-element elementor-element-5981aa0 e-flex e-con-boxed e-con e-parent\" data-id=\"5981aa0\" data-element_type=\"container\" data-e-type=\"container\">\n\t\t\t\t\t<div class=\"e-con-inner\">\n\t\t\t\t<div class=\"elementor-element elementor-element-0cb104e elementor-widget elementor-widget-text-editor\" data-id=\"0cb104e\" data-element_type=\"widget\" data-e-type=\"widget\" data-widget_type=\"text-editor.default\">\n\t\t\t\t<div class=\"elementor-widget-container\">\n\t\t\t\t\t\t\t\t\t<p>Wer sind wir<br \/>MV Data Datenverarbeitung GmbH<br \/>Steingasse 7\/1.2<br \/>A-1030 Wien<\/p><p>Telefon: +43 1 280 93 14<br \/>Fax: +43 1 285 04 14<br \/>E-Mail: office@mv-data.at<\/p><p>Angaben laut \u00a714 HGB<br \/>Gesellschaft mit beschr\u00e4nkter Haftung<br \/>Sitz: Wien; FN 157026 x<br \/>Handelsgericht Wien<\/p><p>Die Adresse unserer Website ist: https:\/\/www.mv-data.at<\/p><p>Cookies<br \/>Diese Webseite nutzt Cookies, die im Zuge der Verarbeitung von Google Analytics bereitgestellt werden. Detail siehe Analysedienste.<\/p><p>Eingebettete Inhalte von anderen Websites<br \/>Beitr\u00e4ge auf dieser Website k\u00f6nnen eingebettete Inhalte beinhalten (z. B. Videos, Bilder, Beitr\u00e4ge etc.). Eingebettete Inhalte von anderen Websites verhalten sich exakt so, als ob der Besucher die andere Website besucht h\u00e4tte.<\/p><p>Diese Websites k\u00f6nnen Daten \u00fcber Sie sammeln, Cookies benutzen, zus\u00e4tzliche Tracking-Dienste von Dritten einbetten und deine Interaktion mit diesem eingebetteten Inhalt aufzeichnen, inklusive deiner Interaktion mit dem eingebetteten Inhalt, falls Sie ein Konto haben und auf dieser Website angemeldet sind.<\/p><p>Analysedienste<br \/>Nutzung von Google Analytics<\/p><p>Wir verwenden Google Analytics, um die Website-Nutzung zu analysieren. Die daraus gewonnenen Daten werden genutzt, um unsere Website sowie Werbema\u00dfnahmen zu optimieren.<\/p><p>Google Analytics ist ein Webanalysedienst, der von Google Inc. (1600 Amphitheatre Parkway, Mountain View, CA 94043, United States) betrieben und bereitgestellt wird. Google verarbeitet die Daten zur Website-Nutzung in unserem Auftrag und verpflichtet sich vertraglich zu Ma\u00dfnahmen, um die Vertraulichkeit der verarbeiteten Daten zu gew\u00e4hrleisten.<\/p><p>W\u00e4hrend Ihres Website-Besuchs werden u.a. folgende Daten aufgezeichnet:<\/p><p>Aufgerufene Seiten<br \/>Ihr Verhalten auf den Seiten (beispielsweise Klicks, Scroll-Verhalten und Verweildauer)<br \/>Ihr ungef\u00e4hrer Standort (Land und Stadt)<br \/>Ihre IP-Adresse (in gek\u00fcrzter Form, sodass keine eindeutige Zuordnung m\u00f6glich ist)<br \/>Technische Informationen wie Browser, Internetanbieter, Endger\u00e4t und Bildschirmaufl\u00f6sung<br \/>Herkunftsquelle Ihres Besuchs (d.h. \u00fcber welche Website bzw. \u00fcber welches Werbemittel Sie zu uns gekommen sind)<br \/>Diese Daten werden an einen Server von Google in den USA \u00fcbertragen. Google beachtet dabei die Datenschutzbestimmungen des \u201eEU-US Privacy Shield\u201c-Abkommens.<\/p><p>Google Analytics speichert Cookies in Ihrem Webbrowser f\u00fcr die Dauer von zwei Jahren seit Ihrem letzten Besuch. Diese Cookies enthaltene eine zufallsgenerierte User-ID, mit der Sie bei zuk\u00fcnftigen Website-Besuchen wiedererkannt werden k\u00f6nnen.<\/p><p>Die aufgezeichneten Daten werden zusammen mit der zufallsgenerierten User-ID gespeichert, was die Auswertung pseudonymer Nutzerprofile erm\u00f6glicht. Diese nutzerbezogenen Daten werden automatisch nach 14 Monaten gel\u00f6scht. Sonstige Daten bleiben in aggregierter Form unbefristet gespeichert.<\/p><p>Weitere Informationen<br \/>Sie haben das Recht, aus Gr\u00fcnden, die sich aus Ihrer Situation ergeben, jederzeit gegen die Verarbeitung Sie betreffender personen- und unternehmensbezogenen Daten Widerspruch einzulegen.<br \/>Legen Sie Widerspruch ein, werden wir Ihre personen- und unternehmensbezogenen Daten nicht mehr verarbeiten.<\/p><p>Google Analytics deaktivieren<br \/>Der Widerspruch kann formfrei erfolgen (oder Sie nehmen unsere Vorlage, welche sich auf unserer Homepage befindet) und sollte m\u00f6glichst gerichtet werden an:<\/p><p>MV-Data Datenverarbeitung GmbH<br \/>Steingasse 7\/1.2<br \/>A-1030 Wien<\/p>\t\t\t\t\t\t\t\t<\/div>\n\t\t\t\t<\/div>\n\t\t\t\t\t<\/div>\n\t\t\t\t<\/div>\n\t\t\t\t<\/div>\n\t\t","protected":false},"excerpt":{"rendered":"<p>Datenschutzerkl\u00e4rung Wer sind wirMV Data Datenverarbeitung GmbHSteingasse 7\/1.2A-1030 Wien Telefon: +43 1 280 93 14Fax: +43 1 285 04 14E-Mail: office@mv-data.at Angaben laut \u00a714 HGBGesellschaft mit beschr\u00e4nkter HaftungSitz: Wien; FN 157026 xHandelsgericht Wien Die Adresse unserer Website ist: https:\/\/www.mv-data.at CookiesDiese Webseite nutzt Cookies, die im Zuge der Verarbeitung von Google Analytics bereitgestellt werden. Detail siehe [&hellip;]<\/p>\n","protected":false},"author":1,"featured_media":0,"parent":0,"menu_order":0,"comment_status":"closed","ping_status":"closed","template":"elementor_header_footer","meta":{"site-sidebar-layout":"no-sidebar","site-content-layout":"","ast-site-content-layout":"full-width-container","site-content-style":"default","site-sidebar-style":"default","ast-global-header-display":"","ast-banner-title-visibility":"","ast-main-header-display":"","ast-hfb-above-header-display":"","ast-hfb-below-header-display":"","ast-hfb-mobile-header-display":"","site-post-title":"disabled","ast-breadcrumbs-content":"","ast-featured-img":"disabled","footer-sml-layout":"","theme-transparent-header-meta":"","adv-header-id-meta":"","stick-header-meta":"","header-above-stick-meta":"","header-main-stick-meta":"","header-below-stick-meta":"","astra-migrate-meta-layouts":"default","ast-page-background-enabled":"default","ast-page-background-meta":{"desktop":{"background-color":"var(--ast-global-color-4)","background-image":"","background-repeat":"repeat","background-position":"center center","background-size":"auto","background-attachment":"scroll","background-type":"","background-media":"","overlay-type":"","overlay-color":"","overlay-opacity":"","overlay-gradient":""},"tablet":{"background-color":"","background-image":"","background-repeat":"repeat","background-position":"center center","background-size":"auto","background-attachment":"scroll","background-type":"","background-media":"","overlay-type":"","overlay-color":"","overlay-opacity":"","overlay-gradient":""},"mobile":{"background-color":"","background-image":"","background-repeat":"repeat","background-position":"center center","background-size":"auto","background-attachment":"scroll","background-type":"","background-media":"","overlay-type":"","overlay-color":"","overlay-opacity":"","overlay-gradient":""}},"ast-content-background-meta":{"desktop":{"background-color":"var(--ast-global-color-5)","background-image":"","background-repeat":"repeat","background-position":"center center","background-size":"auto","background-attachment":"scroll","background-type":"","background-media":"","overlay-type":"","overlay-color":"","overlay-opacity":"","overlay-gradient":""},"tablet":{"background-color":"var(--ast-global-color-5)","background-image":"","background-repeat":"repeat","background-position":"center center","background-size":"auto","background-attachment":"scroll","background-type":"","background-media":"","overlay-type":"","overlay-color":"","overlay-opacity":"","overlay-gradient":""},"mobile":{"background-color":"var(--ast-global-color-5)","background-image":"","background-repeat":"repeat","background-position":"center center","background-size":"auto","background-attachment":"scroll","background-type":"","background-media":"","overlay-type":"","overlay-color":"","overlay-opacity":"","overlay-gradient":""}},"footnotes":""},"class_list":["post-295","page","type-page","status-publish","hentry"],"_links":{"self":[{"href":"https:\/\/mv-data.at\/index.php?rest_route=\/wp\/v2\/pages\/295","targetHints":{"allow":["GET"]}}],"collection":[{"href":"https:\/\/mv-data.at\/index.php?rest_route=\/wp\/v2\/pages"}],"about":[{"href":"https:\/\/mv-data.at\/index.php?rest_route=\/wp\/v2\/types\/page"}],"author":[{"embeddable":true,"href":"https:\/\/mv-data.at\/index.php?rest_route=\/wp\/v2\/users\/1"}],"replies":[{"embeddable":true,"href":"https:\/\/mv-data.at\/index.php?rest_route=%2Fwp%2Fv2%2Fcomments&post=295"}],"version-history":[{"count":4,"href":"https:\/\/mv-data.at\/index.php?rest_route=\/wp\/v2\/pages\/295\/revisions"}],"predecessor-version":[{"id":301,"href":"https:\/\/mv-data.at\/index.php?rest_route=\/wp\/v2\/pages\/295\/revisions\/301"}],"wp:attachment":[{"href":"https:\/\/mv-data.at\/index.php?rest_route=%2Fwp%2Fv2%2Fmedia&parent=295"}],"curies":[{"name":"wp","href":"https:\/\/api.w.org\/{rel}","templated":true}]}}