{"id":31,"date":"2023-12-02T10:46:58","date_gmt":"2023-12-02T10:46:58","guid":{"rendered":"https:\/\/mv-data.at\/?page_id=31"},"modified":"2024-09-24T12:29:18","modified_gmt":"2024-09-24T12:29:18","slug":"jetcash-online","status":"publish","type":"page","link":"https:\/\/mv-data.at\/?page_id=31","title":{"rendered":"JetCash.online"},"content":{"rendered":"\t\t<div data-elementor-type=\"wp-page\" data-elementor-id=\"31\" class=\"elementor elementor-31\" data-elementor-post-type=\"page\">\n\t\t\t\t<div class=\"elementor-element elementor-element-47424bb e-flex e-con-boxed e-con e-parent\" data-id=\"47424bb\" data-element_type=\"container\" data-e-type=\"container\">\n\t\t\t\t\t<div class=\"e-con-inner\">\n\t\t\t\t<div class=\"elementor-element elementor-element-c6c54e1 elementor-widget elementor-widget-heading\" data-id=\"c6c54e1\" data-element_type=\"widget\" data-e-type=\"widget\" data-widget_type=\"heading.default\">\n\t\t\t\t<div class=\"elementor-widget-container\">\n\t\t\t\t\t<h2 class=\"elementor-heading-title elementor-size-default\">JetCash.Online \u2013 Die smarte Kassenl\u00f6sung f\u00fcr Ihr Kleinunternehmen!<\/h2>\t\t\t\t<\/div>\n\t\t\t\t<\/div>\n\t\t\t\t\t<\/div>\n\t\t\t\t<\/div>\n\t\t<div class=\"elementor-element elementor-element-795f7e6 e-flex e-con-boxed e-con e-parent\" data-id=\"795f7e6\" data-element_type=\"container\" data-e-type=\"container\">\n\t\t\t\t\t<div class=\"e-con-inner\">\n\t\t\t\t<div class=\"elementor-element elementor-element-51296d9 elementor-widget elementor-widget-heading\" data-id=\"51296d9\" data-element_type=\"widget\" data-e-type=\"widget\" data-widget_type=\"heading.default\">\n\t\t\t\t<div class=\"elementor-widget-container\">\n\t\t\t\t\t<h2 class=\"elementor-heading-title elementor-size-default\">Willkommen zu JetCash.Online, der kompakten und effizienten Online-Version unserer beliebten JetCash Kassensoftware. Speziell entwickelt f\u00fcr die Bed\u00fcrfnisse kleinerer Gesch\u00e4fte, bietet JetCash.Online eine kosteng\u00fcnstige und leistungsstarke L\u00f6sung, die Ihr Gesch\u00e4ft vereinfacht und modernisiert.<\/h2>\t\t\t\t<\/div>\n\t\t\t\t<\/div>\n\t\t\t\t\t<\/div>\n\t\t\t\t<\/div>\n\t\t<div class=\"elementor-element elementor-element-c999c5f e-flex e-con-boxed e-con e-parent\" data-id=\"c999c5f\" data-element_type=\"container\" data-e-type=\"container\">\n\t\t\t\t\t<div class=\"e-con-inner\">\n\t\t\t\t<div class=\"elementor-element elementor-element-7da185a elementor-widget elementor-widget-text-editor\" data-id=\"7da185a\" data-element_type=\"widget\" data-e-type=\"widget\" data-widget_type=\"text-editor.default\">\n\t\t\t\t<div class=\"elementor-widget-container\">\n\t\t\t\t\t\t\t\t\t<p style=\"font-weight: 400;\"><strong>deal f\u00fcr Kleinunternehmen:<\/strong>\u00a0Ob Sie einen Friseursalon, ein Massagestudio, ein Tattoostudio, eine kleine Boutique oder ein Caf\u00e9 betreiben \u2013 JetCash.Online ist die perfekte Wahl f\u00fcr kleinere Unternehmen mit einem \u00fcberschaubaren Kundenstamm. Unsere Software ist darauf ausgerichtet, Ihren Alltag zu erleichtern und Ihre Gesch\u00e4ftsabl\u00e4ufe zu optimieren.<\/p><p style=\"font-weight: 400;\"><strong>Erschwinglich und Benutzerfreundlich:<\/strong>\u00a0JetCash.Online ist f\u00fcr einen geringf\u00fcgigen Monatsbetrag verf\u00fcgbar, was sie zu einer idealen L\u00f6sung f\u00fcr kostenbewusste Unternehmer macht. Die Software ist extrem benutzerfreundlich und kann auf jedem Android-Tablet oder -Telefon problemlos ausgef\u00fchrt werden. Das bedeutet, Sie k\u00f6nnen Ihre Gesch\u00e4fte von \u00fcberall und jederzeit verwalten.<\/p><p style=\"font-weight: 400;\"><strong>Flexible Druckoptionen und Auswertungen:<\/strong>\u00a0Mit JetCash.Online k\u00f6nnen Sie Rechnungen einfach \u00fcber einen kleinen Bluetooth-Drucker oder einen WLAN-Drucker ausdrucken. Die Software bietet zudem alle notwendigen Auswertungen, die Sie f\u00fcr die effiziente F\u00fchrung Ihres Gesch\u00e4fts ben\u00f6tigen. Von Umsatzberichten bis hin zu Kundenanalysen \u2013 alles ist mit wenigen Klicks verf\u00fcgbar.<\/p><p style=\"font-weight: 400;\"><strong>Technologie, der Sie vertrauen k\u00f6nnen:<\/strong>\u00a0Als Online-Version unserer bew\u00e4hrten JetCash Software profitiert JetCash.Online von der gleichen zuverl\u00e4ssigen und fortschrittlichen Technologie. Sie erhalten eine voll funktionsf\u00e4hige Kassenl\u00f6sung, die speziell auf die Bed\u00fcrfnisse kleiner Unternehmen zugeschnitten ist.<\/p>\t\t\t\t\t\t\t\t<\/div>\n\t\t\t\t<\/div>\n\t\t\t\t\t<\/div>\n\t\t\t\t<\/div>\n\t\t<div class=\"elementor-element elementor-element-96959e8 e-flex e-con-boxed e-con e-parent\" data-id=\"96959e8\" data-element_type=\"container\" data-e-type=\"container\" data-settings=\"{&quot;background_background&quot;:&quot;classic&quot;}\">\n\t\t\t\t\t<div class=\"e-con-inner\">\n\t\t\t\t<div class=\"elementor-element elementor-element-5c65fcc elementor-widget elementor-widget-heading\" data-id=\"5c65fcc\" data-element_type=\"widget\" data-e-type=\"widget\" data-widget_type=\"heading.default\">\n\t\t\t\t<div class=\"elementor-widget-container\">\n\t\t\t\t\t<h2 class=\"elementor-heading-title elementor-size-default\">Kontaktieren Sie uns:<\/h2>\t\t\t\t<\/div>\n\t\t\t\t<\/div>\n\t\t\t\t<div class=\"elementor-element elementor-element-7bac3f6 elementor-widget elementor-widget-heading\" data-id=\"7bac3f6\" data-element_type=\"widget\" data-e-type=\"widget\" data-widget_type=\"heading.default\">\n\t\t\t\t<div class=\"elementor-widget-container\">\n\t\t\t\t\t<h2 class=\"elementor-heading-title elementor-size-default\">M\u00f6chten Sie mehr \u00fcber JetCash.Online erfahren und wie es Ihr Kleinunternehmen revolutionieren kann? Kontaktieren Sie uns f\u00fcr weitere Informationen oder eine unverbindliche Vorf\u00fchrung. Mit JetCash.Online ist der Einstieg in eine moderne Kassenl\u00f6sung einfacher und erschwinglicher als je zuvor.<\/h2>\t\t\t\t<\/div>\n\t\t\t\t<\/div>\n\t\t\t\t<div class=\"elementor-element elementor-element-f9611db elementor-align-center elementor-widget elementor-widget-button\" data-id=\"f9611db\" data-element_type=\"widget\" data-e-type=\"widget\" data-widget_type=\"button.default\">\n\t\t\t\t<div class=\"elementor-widget-container\">\n\t\t\t\t\t\t\t\t\t<div class=\"elementor-button-wrapper\">\n\t\t\t\t\t<a class=\"elementor-button elementor-button-link elementor-size-md\" href=\"https:\/\/mv-data.at\/?page_id=131\">\n\t\t\t\t\t\t<span class=\"elementor-button-content-wrapper\">\n\t\t\t\t\t\t\t\t\t<span class=\"elementor-button-text\">Kontakt<\/span>\n\t\t\t\t\t<\/span>\n\t\t\t\t\t<\/a>\n\t\t\t\t<\/div>\n\t\t\t\t\t\t\t\t<\/div>\n\t\t\t\t<\/div>\n\t\t\t\t\t<\/div>\n\t\t\t\t<\/div>\n\t\t\t\t<\/div>\n\t\t","protected":false},"excerpt":{"rendered":"<p>JetCash.Online \u2013 Die smarte Kassenl\u00f6sung f\u00fcr Ihr Kleinunternehmen! Willkommen zu JetCash.Online, der kompakten und effizienten Online-Version unserer beliebten JetCash Kassensoftware. Speziell entwickelt f\u00fcr die Bed\u00fcrfnisse kleinerer Gesch\u00e4fte, bietet JetCash.Online eine kosteng\u00fcnstige und leistungsstarke L\u00f6sung, die Ihr Gesch\u00e4ft vereinfacht und modernisiert. deal f\u00fcr Kleinunternehmen:\u00a0Ob Sie einen Friseursalon, ein Massagestudio, ein Tattoostudio, eine kleine Boutique oder ein [&hellip;]<\/p>\n","protected":false},"author":1,"featured_media":0,"parent":0,"menu_order":0,"comment_status":"closed","ping_status":"closed","template":"elementor_header_footer","meta":{"site-sidebar-layout":"no-sidebar","site-content-layout":"","ast-site-content-layout":"full-width-container","site-content-style":"default","site-sidebar-style":"default","ast-global-header-display":"","ast-banner-title-visibility":"","ast-main-header-display":"","ast-hfb-above-header-display":"","ast-hfb-below-header-display":"","ast-hfb-mobile-header-display":"","site-post-title":"disabled","ast-breadcrumbs-content":"","ast-featured-img":"disabled","footer-sml-layout":"","theme-transparent-header-meta":"","adv-header-id-meta":"","stick-header-meta":"","header-above-stick-meta":"","header-main-stick-meta":"","header-below-stick-meta":"","astra-migrate-meta-layouts":"default","ast-page-background-enabled":"default","ast-page-background-meta":{"desktop":{"background-color":"var(--ast-global-color-4)","background-image":"","background-repeat":"repeat","background-position":"center center","background-size":"auto","background-attachment":"scroll","background-type":"","background-media":"","overlay-type":"","overlay-color":"","overlay-opacity":"","overlay-gradient":""},"tablet":{"background-color":"","background-image":"","background-repeat":"repeat","background-position":"center center","background-size":"auto","background-attachment":"scroll","background-type":"","background-media":"","overlay-type":"","overlay-color":"","overlay-opacity":"","overlay-gradient":""},"mobile":{"background-color":"","background-image":"","background-repeat":"repeat","background-position":"center center","background-size":"auto","background-attachment":"scroll","background-type":"","background-media":"","overlay-type":"","overlay-color":"","overlay-opacity":"","overlay-gradient":""}},"ast-content-background-meta":{"desktop":{"background-color":"var(--ast-global-color-5)","background-image":"","background-repeat":"repeat","background-position":"center center","background-size":"auto","background-attachment":"scroll","background-type":"","background-media":"","overlay-type":"","overlay-color":"","overlay-opacity":"","overlay-gradient":""},"tablet":{"background-color":"var(--ast-global-color-5)","background-image":"","background-repeat":"repeat","background-position":"center center","background-size":"auto","background-attachment":"scroll","background-type":"","background-media":"","overlay-type":"","overlay-color":"","overlay-opacity":"","overlay-gradient":""},"mobile":{"background-color":"var(--ast-global-color-5)","background-image":"","background-repeat":"repeat","background-position":"center center","background-size":"auto","background-attachment":"scroll","background-type":"","background-media":"","overlay-type":"","overlay-color":"","overlay-opacity":"","overlay-gradient":""}},"footnotes":""},"class_list":["post-31","page","type-page","status-publish","hentry"],"_links":{"self":[{"href":"https:\/\/mv-data.at\/index.php?rest_route=\/wp\/v2\/pages\/31","targetHints":{"allow":["GET"]}}],"collection":[{"href":"https:\/\/mv-data.at\/index.php?rest_route=\/wp\/v2\/pages"}],"about":[{"href":"https:\/\/mv-data.at\/index.php?rest_route=\/wp\/v2\/types\/page"}],"author":[{"embeddable":true,"href":"https:\/\/mv-data.at\/index.php?rest_route=\/wp\/v2\/users\/1"}],"replies":[{"embeddable":true,"href":"https:\/\/mv-data.at\/index.php?rest_route=%2Fwp%2Fv2%2Fcomments&post=31"}],"version-history":[{"count":13,"href":"https:\/\/mv-data.at\/index.php?rest_route=\/wp\/v2\/pages\/31\/revisions"}],"predecessor-version":[{"id":402,"href":"https:\/\/mv-data.at\/index.php?rest_route=\/wp\/v2\/pages\/31\/revisions\/402"}],"wp:attachment":[{"href":"https:\/\/mv-data.at\/index.php?rest_route=%2Fwp%2Fv2%2Fmedia&parent=31"}],"curies":[{"name":"wp","href":"https:\/\/api.w.org\/{rel}","templated":true}]}}