{"id":33,"date":"2023-12-02T10:51:31","date_gmt":"2023-12-02T10:51:31","guid":{"rendered":"https:\/\/mv-data.at\/?page_id=33"},"modified":"2024-09-24T12:36:34","modified_gmt":"2024-09-24T12:36:34","slug":"toshiba-tcx-810e","status":"publish","type":"page","link":"https:\/\/mv-data.at\/?page_id=33","title":{"rendered":"TOSHIBA TCx 810E"},"content":{"rendered":"\t\t<div data-elementor-type=\"wp-page\" data-elementor-id=\"33\" class=\"elementor elementor-33\" data-elementor-post-type=\"page\">\n\t\t\t\t<div class=\"elementor-element elementor-element-ef1af96 e-flex e-con-boxed e-con e-parent\" data-id=\"ef1af96\" data-element_type=\"container\" data-e-type=\"container\">\n\t\t\t\t\t<div class=\"e-con-inner\">\n\t\t\t\t<div class=\"elementor-element elementor-element-a5a5e7b elementor-widget elementor-widget-heading\" data-id=\"a5a5e7b\" data-element_type=\"widget\" data-e-type=\"widget\" data-widget_type=\"heading.default\">\n\t\t\t\t<div class=\"elementor-widget-container\">\n\t\t\t\t\t<h2 class=\"elementor-heading-title elementor-size-default\">TOSHIBA TCx 810E<\/h2>\t\t\t\t<\/div>\n\t\t\t\t<\/div>\n\t\t\t\t\t<\/div>\n\t\t\t\t<\/div>\n\t\t<div class=\"elementor-element elementor-element-2eb3a67 e-flex e-con-boxed e-con e-parent\" data-id=\"2eb3a67\" data-element_type=\"container\" data-e-type=\"container\">\n\t\t\t\t\t<div class=\"e-con-inner\">\n\t\t<div class=\"elementor-element elementor-element-cb0e30a e-con-full e-flex e-con e-child\" data-id=\"cb0e30a\" data-element_type=\"container\" data-e-type=\"container\">\n\t\t\t\t<div class=\"elementor-element elementor-element-80727cc elementor-widget elementor-widget-image\" data-id=\"80727cc\" data-element_type=\"widget\" data-e-type=\"widget\" data-widget_type=\"image.default\">\n\t\t\t\t<div class=\"elementor-widget-container\">\n\t\t\t\t\t\t\t\t\t\t\t\t\t\t\t<img fetchpriority=\"high\" decoding=\"async\" width=\"478\" height=\"522\" src=\"https:\/\/mv-data.at\/wp-content\/uploads\/2023\/12\/TOSHIBA_TCx_810.png\" class=\"attachment-large size-large wp-image-139\" alt=\"\" srcset=\"https:\/\/mv-data.at\/wp-content\/uploads\/2023\/12\/TOSHIBA_TCx_810.png 478w, https:\/\/mv-data.at\/wp-content\/uploads\/2023\/12\/TOSHIBA_TCx_810-275x300.png 275w\" sizes=\"(max-width: 478px) 100vw, 478px\" \/>\t\t\t\t\t\t\t\t\t\t\t\t\t\t\t<\/div>\n\t\t\t\t<\/div>\n\t\t\t\t<\/div>\n\t\t<div class=\"elementor-element elementor-element-5218025 e-con-full e-flex e-con e-child\" data-id=\"5218025\" data-element_type=\"container\" data-e-type=\"container\">\n\t\t\t\t<div class=\"elementor-element elementor-element-be9c27a elementor-widget elementor-widget-heading\" data-id=\"be9c27a\" data-element_type=\"widget\" data-e-type=\"widget\" data-widget_type=\"heading.default\">\n\t\t\t\t<div class=\"elementor-widget-container\">\n\t\t\t\t\t<h2 class=\"elementor-heading-title elementor-size-default\">St\u00e4rken Sie Ihr Unternehmen heute mit einem POS-System, das erstklassige Leistung zu einem erschwinglichen Preis bietet. Als eine umfassende All-in-One-L\u00f6sung, die speziell f\u00fcr Restaurants, Gastgewerbe und Schnellservice optimiert wurde, bietet das TCx\u00ae 810E alles, was Sie ben\u00f6tigen. F\u00fcr den Einzelhandel optimierte Tests, um sicherzustellen, dass diese Systeme in verschiedenen Umgebungen funktionieren Angetrieben von Intel-Prozessoren der 8. Generation f\u00fcr verbesserte Leistung Umfangreiche Palette von integrierten Anschl\u00fcssen in der Anzeigeeinheit Flexible Montagem\u00f6glichkeiten f\u00fcr gemeinsame Ansichten in der Gastronomie L\u00fcfterloses Design ohne bewegliche Teile zur Verbesserung der Haltbarkeit Anschlussoptionen, die die Verbindung mit \u00e4lteren Systemen erm\u00f6glichen\n\n\n \n<\/h2>\t\t\t\t<\/div>\n\t\t\t\t<\/div>\n\t\t\t\t<div class=\"elementor-element elementor-element-eed5680 elementor-align-left elementor-widget elementor-widget-button\" data-id=\"eed5680\" data-element_type=\"widget\" data-e-type=\"widget\" data-widget_type=\"button.default\">\n\t\t\t\t<div class=\"elementor-widget-container\">\n\t\t\t\t\t\t\t\t\t<div class=\"elementor-button-wrapper\">\n\t\t\t\t\t<a class=\"elementor-button elementor-button-link elementor-size-md\" href=\"https:\/\/mv-data.at\/?page_id=131\">\n\t\t\t\t\t\t<span class=\"elementor-button-content-wrapper\">\n\t\t\t\t\t\t\t\t\t<span class=\"elementor-button-text\">Kontakt<\/span>\n\t\t\t\t\t<\/span>\n\t\t\t\t\t<\/a>\n\t\t\t\t<\/div>\n\t\t\t\t\t\t\t\t<\/div>\n\t\t\t\t<\/div>\n\t\t\t\t<\/div>\n\t\t\t\t\t<\/div>\n\t\t\t\t<\/div>\n\t\t\t\t<\/div>\n\t\t","protected":false},"excerpt":{"rendered":"<p>TOSHIBA TCx 810E St\u00e4rken Sie Ihr Unternehmen heute mit einem POS-System, das erstklassige Leistung zu einem erschwinglichen Preis bietet. Als eine umfassende All-in-One-L\u00f6sung, die speziell f\u00fcr Restaurants, Gastgewerbe und Schnellservice optimiert wurde, bietet das TCx\u00ae 810E alles, was Sie ben\u00f6tigen. F\u00fcr den Einzelhandel optimierte Tests, um sicherzustellen, dass diese Systeme in verschiedenen Umgebungen funktionieren Angetrieben [&hellip;]<\/p>\n","protected":false},"author":1,"featured_media":0,"parent":0,"menu_order":0,"comment_status":"closed","ping_status":"closed","template":"elementor_header_footer","meta":{"site-sidebar-layout":"no-sidebar","site-content-layout":"","ast-site-content-layout":"full-width-container","site-content-style":"default","site-sidebar-style":"default","ast-global-header-display":"","ast-banner-title-visibility":"","ast-main-header-display":"","ast-hfb-above-header-display":"","ast-hfb-below-header-display":"","ast-hfb-mobile-header-display":"","site-post-title":"disabled","ast-breadcrumbs-content":"","ast-featured-img":"disabled","footer-sml-layout":"","theme-transparent-header-meta":"","adv-header-id-meta":"","stick-header-meta":"","header-above-stick-meta":"","header-main-stick-meta":"","header-below-stick-meta":"","astra-migrate-meta-layouts":"default","ast-page-background-enabled":"default","ast-page-background-meta":{"desktop":{"background-color":"var(--ast-global-color-4)","background-image":"","background-repeat":"repeat","background-position":"center center","background-size":"auto","background-attachment":"scroll","background-type":"","background-media":"","overlay-type":"","overlay-color":"","overlay-opacity":"","overlay-gradient":""},"tablet":{"background-color":"","background-image":"","background-repeat":"repeat","background-position":"center center","background-size":"auto","background-attachment":"scroll","background-type":"","background-media":"","overlay-type":"","overlay-color":"","overlay-opacity":"","overlay-gradient":""},"mobile":{"background-color":"","background-image":"","background-repeat":"repeat","background-position":"center center","background-size":"auto","background-attachment":"scroll","background-type":"","background-media":"","overlay-type":"","overlay-color":"","overlay-opacity":"","overlay-gradient":""}},"ast-content-background-meta":{"desktop":{"background-color":"var(--ast-global-color-5)","background-image":"","background-repeat":"repeat","background-position":"center center","background-size":"auto","background-attachment":"scroll","background-type":"","background-media":"","overlay-type":"","overlay-color":"","overlay-opacity":"","overlay-gradient":""},"tablet":{"background-color":"var(--ast-global-color-5)","background-image":"","background-repeat":"repeat","background-position":"center center","background-size":"auto","background-attachment":"scroll","background-type":"","background-media":"","overlay-type":"","overlay-color":"","overlay-opacity":"","overlay-gradient":""},"mobile":{"background-color":"var(--ast-global-color-5)","background-image":"","background-repeat":"repeat","background-position":"center center","background-size":"auto","background-attachment":"scroll","background-type":"","background-media":"","overlay-type":"","overlay-color":"","overlay-opacity":"","overlay-gradient":""}},"footnotes":""},"class_list":["post-33","page","type-page","status-publish","hentry"],"_links":{"self":[{"href":"https:\/\/mv-data.at\/index.php?rest_route=\/wp\/v2\/pages\/33","targetHints":{"allow":["GET"]}}],"collection":[{"href":"https:\/\/mv-data.at\/index.php?rest_route=\/wp\/v2\/pages"}],"about":[{"href":"https:\/\/mv-data.at\/index.php?rest_route=\/wp\/v2\/types\/page"}],"author":[{"embeddable":true,"href":"https:\/\/mv-data.at\/index.php?rest_route=\/wp\/v2\/users\/1"}],"replies":[{"embeddable":true,"href":"https:\/\/mv-data.at\/index.php?rest_route=%2Fwp%2Fv2%2Fcomments&post=33"}],"version-history":[{"count":20,"href":"https:\/\/mv-data.at\/index.php?rest_route=\/wp\/v2\/pages\/33\/revisions"}],"predecessor-version":[{"id":423,"href":"https:\/\/mv-data.at\/index.php?rest_route=\/wp\/v2\/pages\/33\/revisions\/423"}],"wp:attachment":[{"href":"https:\/\/mv-data.at\/index.php?rest_route=%2Fwp%2Fv2%2Fmedia&parent=33"}],"curies":[{"name":"wp","href":"https:\/\/api.w.org\/{rel}","templated":true}]}}