{"id":35,"date":"2023-12-02T10:52:13","date_gmt":"2023-12-02T10:52:13","guid":{"rendered":"https:\/\/mv-data.at\/?page_id=35"},"modified":"2024-09-24T12:30:58","modified_gmt":"2024-09-24T12:30:58","slug":"toshiba-tcx-810-2","status":"publish","type":"page","link":"https:\/\/mv-data.at\/?page_id=35","title":{"rendered":"TOSHIBA TCx 810"},"content":{"rendered":"\t\t<div data-elementor-type=\"wp-page\" data-elementor-id=\"35\" class=\"elementor elementor-35\" data-elementor-post-type=\"page\">\n\t\t\t\t<div class=\"elementor-element elementor-element-98e9d50 e-flex e-con-boxed e-con e-parent\" data-id=\"98e9d50\" data-element_type=\"container\" data-e-type=\"container\">\n\t\t\t\t\t<div class=\"e-con-inner\">\n\t\t\t\t<div class=\"elementor-element elementor-element-c0f9bba elementor-widget elementor-widget-heading\" data-id=\"c0f9bba\" data-element_type=\"widget\" data-e-type=\"widget\" data-widget_type=\"heading.default\">\n\t\t\t\t<div class=\"elementor-widget-container\">\n\t\t\t\t\t<h2 class=\"elementor-heading-title elementor-size-default\">TOSHIBA TCx 810<\/h2>\t\t\t\t<\/div>\n\t\t\t\t<\/div>\n\t\t\t\t\t<\/div>\n\t\t\t\t<\/div>\n\t\t<div class=\"elementor-element elementor-element-e9f63c7 e-flex e-con-boxed e-con e-parent\" data-id=\"e9f63c7\" data-element_type=\"container\" data-e-type=\"container\">\n\t\t\t\t\t<div class=\"e-con-inner\">\n\t\t<div class=\"elementor-element elementor-element-aa451bb e-con-full e-flex e-con e-child\" data-id=\"aa451bb\" data-element_type=\"container\" data-e-type=\"container\">\n\t\t\t\t<div class=\"elementor-element elementor-element-d589e10 elementor-widget elementor-widget-image\" data-id=\"d589e10\" data-element_type=\"widget\" data-e-type=\"widget\" data-widget_type=\"image.default\">\n\t\t\t\t<div class=\"elementor-widget-container\">\n\t\t\t\t\t\t\t\t\t\t\t\t\t\t\t<img fetchpriority=\"high\" decoding=\"async\" width=\"478\" height=\"522\" src=\"https:\/\/mv-data.at\/wp-content\/uploads\/2023\/12\/TOSHIBA_TCx_810.png\" class=\"attachment-large size-large wp-image-139\" alt=\"\" srcset=\"https:\/\/mv-data.at\/wp-content\/uploads\/2023\/12\/TOSHIBA_TCx_810.png 478w, https:\/\/mv-data.at\/wp-content\/uploads\/2023\/12\/TOSHIBA_TCx_810-275x300.png 275w\" sizes=\"(max-width: 478px) 100vw, 478px\" \/>\t\t\t\t\t\t\t\t\t\t\t\t\t\t\t<\/div>\n\t\t\t\t<\/div>\n\t\t\t\t<\/div>\n\t\t<div class=\"elementor-element elementor-element-9361e3a e-con-full e-flex e-con e-child\" data-id=\"9361e3a\" data-element_type=\"container\" data-e-type=\"container\">\n\t\t\t\t<div class=\"elementor-element elementor-element-dfd8f79 elementor-widget elementor-widget-heading\" data-id=\"dfd8f79\" data-element_type=\"widget\" data-e-type=\"widget\" data-widget_type=\"heading.default\">\n\t\t\t\t<div class=\"elementor-widget-container\">\n\t\t\t\t\t<h2 class=\"elementor-heading-title elementor-size-default\">Schaffen Sie heute au\u00dfergew\u00f6hnliche Erlebnisse und r\u00fcsten Sie Ihr Unternehmen f\u00fcr die Zukunft aus. Diese POS-L\u00f6sung bietet maximale Leistung, Erweiterbarkeit und Anpassungsf\u00e4higkeit f\u00fcr jede Art von Einzelh\u00e4ndler. Branchenf\u00fchrende Anzahl von Ein- und Ausgangsanschl\u00fcssen f\u00fcr maximale Konnektivit\u00e4t Mehrere FHD-Bildschirmgr\u00f6\u00dfen, die eine reichere Farbwiedergabe und einen tieferen Kontrast bieten Angetrieben von der neuesten Technologie mit Intel-Prozessoren der 11. Generation WiFi und Bluetooth erm\u00f6glichen drahtlose Konnektivit\u00e4t mit schnelleren Geschwindigkeiten und extrem geringen Latenzzeiten\n\n \n<\/h2>\t\t\t\t<\/div>\n\t\t\t\t<\/div>\n\t\t\t\t<div class=\"elementor-element elementor-element-563a12c elementor-align-left elementor-widget elementor-widget-button\" data-id=\"563a12c\" data-element_type=\"widget\" data-e-type=\"widget\" data-widget_type=\"button.default\">\n\t\t\t\t<div class=\"elementor-widget-container\">\n\t\t\t\t\t\t\t\t\t<div class=\"elementor-button-wrapper\">\n\t\t\t\t\t<a class=\"elementor-button elementor-button-link elementor-size-md\" href=\"https:\/\/mv-data.at\/?page_id=131\">\n\t\t\t\t\t\t<span class=\"elementor-button-content-wrapper\">\n\t\t\t\t\t\t\t\t\t<span class=\"elementor-button-text\">Kontakt<\/span>\n\t\t\t\t\t<\/span>\n\t\t\t\t\t<\/a>\n\t\t\t\t<\/div>\n\t\t\t\t\t\t\t\t<\/div>\n\t\t\t\t<\/div>\n\t\t\t\t<\/div>\n\t\t\t\t\t<\/div>\n\t\t\t\t<\/div>\n\t\t\t\t<\/div>\n\t\t","protected":false},"excerpt":{"rendered":"<p>TOSHIBA TCx 810 Schaffen Sie heute au\u00dfergew\u00f6hnliche Erlebnisse und r\u00fcsten Sie Ihr Unternehmen f\u00fcr die Zukunft aus. Diese POS-L\u00f6sung bietet maximale Leistung, Erweiterbarkeit und Anpassungsf\u00e4higkeit f\u00fcr jede Art von Einzelh\u00e4ndler. Branchenf\u00fchrende Anzahl von Ein- und Ausgangsanschl\u00fcssen f\u00fcr maximale Konnektivit\u00e4t Mehrere FHD-Bildschirmgr\u00f6\u00dfen, die eine reichere Farbwiedergabe und einen tieferen Kontrast bieten Angetrieben von der neuesten Technologie [&hellip;]<\/p>\n","protected":false},"author":1,"featured_media":0,"parent":0,"menu_order":0,"comment_status":"closed","ping_status":"closed","template":"elementor_header_footer","meta":{"site-sidebar-layout":"no-sidebar","site-content-layout":"","ast-site-content-layout":"full-width-container","site-content-style":"default","site-sidebar-style":"default","ast-global-header-display":"","ast-banner-title-visibility":"","ast-main-header-display":"","ast-hfb-above-header-display":"","ast-hfb-below-header-display":"","ast-hfb-mobile-header-display":"","site-post-title":"disabled","ast-breadcrumbs-content":"","ast-featured-img":"disabled","footer-sml-layout":"","theme-transparent-header-meta":"","adv-header-id-meta":"","stick-header-meta":"","header-above-stick-meta":"","header-main-stick-meta":"","header-below-stick-meta":"","astra-migrate-meta-layouts":"default","ast-page-background-enabled":"default","ast-page-background-meta":{"desktop":{"background-color":"var(--ast-global-color-4)","background-image":"","background-repeat":"repeat","background-position":"center center","background-size":"auto","background-attachment":"scroll","background-type":"","background-media":"","overlay-type":"","overlay-color":"","overlay-opacity":"","overlay-gradient":""},"tablet":{"background-color":"","background-image":"","background-repeat":"repeat","background-position":"center center","background-size":"auto","background-attachment":"scroll","background-type":"","background-media":"","overlay-type":"","overlay-color":"","overlay-opacity":"","overlay-gradient":""},"mobile":{"background-color":"","background-image":"","background-repeat":"repeat","background-position":"center center","background-size":"auto","background-attachment":"scroll","background-type":"","background-media":"","overlay-type":"","overlay-color":"","overlay-opacity":"","overlay-gradient":""}},"ast-content-background-meta":{"desktop":{"background-color":"var(--ast-global-color-5)","background-image":"","background-repeat":"repeat","background-position":"center center","background-size":"auto","background-attachment":"scroll","background-type":"","background-media":"","overlay-type":"","overlay-color":"","overlay-opacity":"","overlay-gradient":""},"tablet":{"background-color":"var(--ast-global-color-5)","background-image":"","background-repeat":"repeat","background-position":"center center","background-size":"auto","background-attachment":"scroll","background-type":"","background-media":"","overlay-type":"","overlay-color":"","overlay-opacity":"","overlay-gradient":""},"mobile":{"background-color":"var(--ast-global-color-5)","background-image":"","background-repeat":"repeat","background-position":"center center","background-size":"auto","background-attachment":"scroll","background-type":"","background-media":"","overlay-type":"","overlay-color":"","overlay-opacity":"","overlay-gradient":""}},"footnotes":""},"class_list":["post-35","page","type-page","status-publish","hentry"],"_links":{"self":[{"href":"https:\/\/mv-data.at\/index.php?rest_route=\/wp\/v2\/pages\/35","targetHints":{"allow":["GET"]}}],"collection":[{"href":"https:\/\/mv-data.at\/index.php?rest_route=\/wp\/v2\/pages"}],"about":[{"href":"https:\/\/mv-data.at\/index.php?rest_route=\/wp\/v2\/types\/page"}],"author":[{"embeddable":true,"href":"https:\/\/mv-data.at\/index.php?rest_route=\/wp\/v2\/users\/1"}],"replies":[{"embeddable":true,"href":"https:\/\/mv-data.at\/index.php?rest_route=%2Fwp%2Fv2%2Fcomments&post=35"}],"version-history":[{"count":20,"href":"https:\/\/mv-data.at\/index.php?rest_route=\/wp\/v2\/pages\/35\/revisions"}],"predecessor-version":[{"id":405,"href":"https:\/\/mv-data.at\/index.php?rest_route=\/wp\/v2\/pages\/35\/revisions\/405"}],"wp:attachment":[{"href":"https:\/\/mv-data.at\/index.php?rest_route=%2Fwp%2Fv2%2Fmedia&parent=35"}],"curies":[{"name":"wp","href":"https:\/\/api.w.org\/{rel}","templated":true}]}}