{"id":39,"date":"2023-12-02T10:53:44","date_gmt":"2023-12-02T10:53:44","guid":{"rendered":"https:\/\/mv-data.at\/?page_id=39"},"modified":"2024-09-24T12:38:44","modified_gmt":"2024-09-24T12:38:44","slug":"posiflex-hs-3514w","status":"publish","type":"page","link":"https:\/\/mv-data.at\/?page_id=39","title":{"rendered":"Posiflex HS-3514W"},"content":{"rendered":"\t\t<div data-elementor-type=\"wp-page\" data-elementor-id=\"39\" class=\"elementor elementor-39\" data-elementor-post-type=\"page\">\n\t\t\t\t<div class=\"elementor-element elementor-element-db5ddca e-flex e-con-boxed e-con e-parent\" data-id=\"db5ddca\" data-element_type=\"container\" data-e-type=\"container\">\n\t\t\t\t\t<div class=\"e-con-inner\">\n\t\t\t\t<div class=\"elementor-element elementor-element-c30c7e9 elementor-widget elementor-widget-heading\" data-id=\"c30c7e9\" data-element_type=\"widget\" data-e-type=\"widget\" data-widget_type=\"heading.default\">\n\t\t\t\t<div class=\"elementor-widget-container\">\n\t\t\t\t\t<h2 class=\"elementor-heading-title elementor-size-default\">Posiflex HS-3514W\n\n<\/h2>\t\t\t\t<\/div>\n\t\t\t\t<\/div>\n\t\t\t\t\t<\/div>\n\t\t\t\t<\/div>\n\t\t<div class=\"elementor-element elementor-element-f89aa13 e-flex e-con-boxed e-con e-parent\" data-id=\"f89aa13\" data-element_type=\"container\" data-e-type=\"container\">\n\t\t\t\t\t<div class=\"e-con-inner\">\n\t\t<div class=\"elementor-element elementor-element-24a22cf e-con-full e-flex e-con e-child\" data-id=\"24a22cf\" data-element_type=\"container\" data-e-type=\"container\">\n\t\t\t\t<div class=\"elementor-element elementor-element-669bdf7 elementor-widget elementor-widget-image\" data-id=\"669bdf7\" data-element_type=\"widget\" data-e-type=\"widget\" data-widget_type=\"image.default\">\n\t\t\t\t<div class=\"elementor-widget-container\">\n\t\t\t\t\t\t\t\t\t\t\t\t\t\t\t<img fetchpriority=\"high\" decoding=\"async\" width=\"350\" height=\"350\" src=\"https:\/\/mv-data.at\/wp-content\/uploads\/2023\/12\/HS-3514W-6_001__17041711179_14.png\" class=\"attachment-large size-large wp-image-205\" alt=\"\" srcset=\"https:\/\/mv-data.at\/wp-content\/uploads\/2023\/12\/HS-3514W-6_001__17041711179_14.png 350w, https:\/\/mv-data.at\/wp-content\/uploads\/2023\/12\/HS-3514W-6_001__17041711179_14-300x300.png 300w, https:\/\/mv-data.at\/wp-content\/uploads\/2023\/12\/HS-3514W-6_001__17041711179_14-150x150.png 150w\" sizes=\"(max-width: 350px) 100vw, 350px\" \/>\t\t\t\t\t\t\t\t\t\t\t\t\t\t\t<\/div>\n\t\t\t\t<\/div>\n\t\t\t\t<\/div>\n\t\t<div class=\"elementor-element elementor-element-cfae391 e-con-full e-flex e-con e-child\" data-id=\"cfae391\" data-element_type=\"container\" data-e-type=\"container\">\n\t\t\t\t<div class=\"elementor-element elementor-element-28f7530 elementor-widget elementor-widget-heading\" data-id=\"28f7530\" data-element_type=\"widget\" data-e-type=\"widget\" data-widget_type=\"heading.default\">\n\t\t\t\t<div class=\"elementor-widget-container\">\n\t\t\t\t\t<h2 class=\"elementor-heading-title elementor-size-default\">Schaffen Sie heute au\u00dfergew\u00f6hnliche Erlebnisse und r\u00fcsten Sie Ihr Unternehmen f\u00fcr die Zukunft aus. Diese POS-L\u00f6sung bietet maximale Leistung, Erweiterbarkeit und Anpassungsf\u00e4higkeit f\u00fcr jede Art von Einzelh\u00e4ndler. Branchenf\u00fchrende Anzahl von Ein- und Ausgangsanschl\u00fcssen f\u00fcr maximale Konnektivit\u00e4t Mehrere FHD-Bildschirmgr\u00f6\u00dfen, die eine reichere Farbwiedergabe und einen tieferen Kontrast bieten Angetrieben von der neuesten Technologie mit Intel-Prozessoren der 11. Generation WiFi und Bluetooth erm\u00f6glichen drahtlose Konnektivit\u00e4t mit schnelleren Geschwindigkeiten und extrem geringen Latenzzeiten\n\n \n<\/h2>\t\t\t\t<\/div>\n\t\t\t\t<\/div>\n\t\t\t\t<div class=\"elementor-element elementor-element-e674560 elementor-align-left elementor-widget elementor-widget-button\" data-id=\"e674560\" data-element_type=\"widget\" data-e-type=\"widget\" data-widget_type=\"button.default\">\n\t\t\t\t<div class=\"elementor-widget-container\">\n\t\t\t\t\t\t\t\t\t<div class=\"elementor-button-wrapper\">\n\t\t\t\t\t<a class=\"elementor-button elementor-button-link elementor-size-md\" href=\"https:\/\/mv-data.at\/?page_id=131\">\n\t\t\t\t\t\t<span class=\"elementor-button-content-wrapper\">\n\t\t\t\t\t\t\t\t\t<span class=\"elementor-button-text\">Kontakt<\/span>\n\t\t\t\t\t<\/span>\n\t\t\t\t\t<\/a>\n\t\t\t\t<\/div>\n\t\t\t\t\t\t\t\t<\/div>\n\t\t\t\t<\/div>\n\t\t\t\t<\/div>\n\t\t\t\t\t<\/div>\n\t\t\t\t<\/div>\n\t\t\t\t<\/div>\n\t\t","protected":false},"excerpt":{"rendered":"<p>Posiflex HS-3514W Schaffen Sie heute au\u00dfergew\u00f6hnliche Erlebnisse und r\u00fcsten Sie Ihr Unternehmen f\u00fcr die Zukunft aus. Diese POS-L\u00f6sung bietet maximale Leistung, Erweiterbarkeit und Anpassungsf\u00e4higkeit f\u00fcr jede Art von Einzelh\u00e4ndler. Branchenf\u00fchrende Anzahl von Ein- und Ausgangsanschl\u00fcssen f\u00fcr maximale Konnektivit\u00e4t Mehrere FHD-Bildschirmgr\u00f6\u00dfen, die eine reichere Farbwiedergabe und einen tieferen Kontrast bieten Angetrieben von der neuesten Technologie mit [&hellip;]<\/p>\n","protected":false},"author":1,"featured_media":0,"parent":0,"menu_order":0,"comment_status":"closed","ping_status":"closed","template":"elementor_header_footer","meta":{"site-sidebar-layout":"no-sidebar","site-content-layout":"","ast-site-content-layout":"full-width-container","site-content-style":"default","site-sidebar-style":"default","ast-global-header-display":"","ast-banner-title-visibility":"","ast-main-header-display":"","ast-hfb-above-header-display":"","ast-hfb-below-header-display":"","ast-hfb-mobile-header-display":"","site-post-title":"disabled","ast-breadcrumbs-content":"","ast-featured-img":"disabled","footer-sml-layout":"","theme-transparent-header-meta":"","adv-header-id-meta":"","stick-header-meta":"","header-above-stick-meta":"","header-main-stick-meta":"","header-below-stick-meta":"","astra-migrate-meta-layouts":"default","ast-page-background-enabled":"default","ast-page-background-meta":{"desktop":{"background-color":"var(--ast-global-color-4)","background-image":"","background-repeat":"repeat","background-position":"center center","background-size":"auto","background-attachment":"scroll","background-type":"","background-media":"","overlay-type":"","overlay-color":"","overlay-opacity":"","overlay-gradient":""},"tablet":{"background-color":"","background-image":"","background-repeat":"repeat","background-position":"center center","background-size":"auto","background-attachment":"scroll","background-type":"","background-media":"","overlay-type":"","overlay-color":"","overlay-opacity":"","overlay-gradient":""},"mobile":{"background-color":"","background-image":"","background-repeat":"repeat","background-position":"center center","background-size":"auto","background-attachment":"scroll","background-type":"","background-media":"","overlay-type":"","overlay-color":"","overlay-opacity":"","overlay-gradient":""}},"ast-content-background-meta":{"desktop":{"background-color":"var(--ast-global-color-5)","background-image":"","background-repeat":"repeat","background-position":"center center","background-size":"auto","background-attachment":"scroll","background-type":"","background-media":"","overlay-type":"","overlay-color":"","overlay-opacity":"","overlay-gradient":""},"tablet":{"background-color":"var(--ast-global-color-5)","background-image":"","background-repeat":"repeat","background-position":"center center","background-size":"auto","background-attachment":"scroll","background-type":"","background-media":"","overlay-type":"","overlay-color":"","overlay-opacity":"","overlay-gradient":""},"mobile":{"background-color":"var(--ast-global-color-5)","background-image":"","background-repeat":"repeat","background-position":"center center","background-size":"auto","background-attachment":"scroll","background-type":"","background-media":"","overlay-type":"","overlay-color":"","overlay-opacity":"","overlay-gradient":""}},"footnotes":""},"class_list":["post-39","page","type-page","status-publish","hentry"],"_links":{"self":[{"href":"https:\/\/mv-data.at\/index.php?rest_route=\/wp\/v2\/pages\/39","targetHints":{"allow":["GET"]}}],"collection":[{"href":"https:\/\/mv-data.at\/index.php?rest_route=\/wp\/v2\/pages"}],"about":[{"href":"https:\/\/mv-data.at\/index.php?rest_route=\/wp\/v2\/types\/page"}],"author":[{"embeddable":true,"href":"https:\/\/mv-data.at\/index.php?rest_route=\/wp\/v2\/users\/1"}],"replies":[{"embeddable":true,"href":"https:\/\/mv-data.at\/index.php?rest_route=%2Fwp%2Fv2%2Fcomments&post=39"}],"version-history":[{"count":10,"href":"https:\/\/mv-data.at\/index.php?rest_route=\/wp\/v2\/pages\/39\/revisions"}],"predecessor-version":[{"id":429,"href":"https:\/\/mv-data.at\/index.php?rest_route=\/wp\/v2\/pages\/39\/revisions\/429"}],"wp:attachment":[{"href":"https:\/\/mv-data.at\/index.php?rest_route=%2Fwp%2Fv2%2Fmedia&parent=39"}],"curies":[{"name":"wp","href":"https:\/\/api.w.org\/{rel}","templated":true}]}}