{"id":547,"date":"2024-11-06T08:49:37","date_gmt":"2024-11-06T08:49:37","guid":{"rendered":"https:\/\/mv-data.at\/?page_id=547"},"modified":"2024-11-06T08:56:44","modified_gmt":"2024-11-06T08:56:44","slug":"ordercontrol-system","status":"publish","type":"page","link":"https:\/\/mv-data.at\/?page_id=547","title":{"rendered":"OrderControl-System"},"content":{"rendered":"\t\t<div data-elementor-type=\"wp-page\" data-elementor-id=\"547\" class=\"elementor elementor-547\" data-elementor-post-type=\"page\">\n\t\t\t\t<div class=\"elementor-element elementor-element-bd86f2e e-flex e-con-boxed e-con e-parent\" data-id=\"bd86f2e\" data-element_type=\"container\" data-e-type=\"container\">\n\t\t\t\t\t<div class=\"e-con-inner\">\n\t\t\t\t<div class=\"elementor-element elementor-element-0af0508 elementor-widget elementor-widget-heading\" data-id=\"0af0508\" data-element_type=\"widget\" data-e-type=\"widget\" data-widget_type=\"heading.default\">\n\t\t\t\t<div class=\"elementor-widget-container\">\n\t\t\t\t\t<h2 class=\"elementor-heading-title elementor-size-default\">OrderControl-System<\/h2>\t\t\t\t<\/div>\n\t\t\t\t<\/div>\n\t\t\t\t\t<\/div>\n\t\t\t\t<\/div>\n\t\t<div class=\"elementor-element elementor-element-290d70f e-flex e-con-boxed e-con e-parent\" data-id=\"290d70f\" data-element_type=\"container\" data-e-type=\"container\">\n\t\t\t\t\t<div class=\"e-con-inner\">\n\t\t<div class=\"elementor-element elementor-element-d8a10e7 e-con-full e-flex e-con e-child\" data-id=\"d8a10e7\" data-element_type=\"container\" data-e-type=\"container\">\n\t\t\t\t<div class=\"elementor-element elementor-element-6a64253 elementor-widget elementor-widget-image\" data-id=\"6a64253\" data-element_type=\"widget\" data-e-type=\"widget\" data-widget_type=\"image.default\">\n\t\t\t\t<div class=\"elementor-widget-container\">\n\t\t\t\t\t\t\t\t\t\t\t\t\t\t\t<img fetchpriority=\"high\" decoding=\"async\" width=\"1024\" height=\"909\" src=\"https:\/\/mv-data.at\/wp-content\/uploads\/2024\/11\/IMG_0677-1024x909.png\" class=\"attachment-large size-large wp-image-549\" alt=\"\" srcset=\"https:\/\/mv-data.at\/wp-content\/uploads\/2024\/11\/IMG_0677-1024x909.png 1024w, https:\/\/mv-data.at\/wp-content\/uploads\/2024\/11\/IMG_0677-300x266.png 300w, https:\/\/mv-data.at\/wp-content\/uploads\/2024\/11\/IMG_0677-768x681.png 768w, https:\/\/mv-data.at\/wp-content\/uploads\/2024\/11\/IMG_0677-1536x1363.png 1536w, https:\/\/mv-data.at\/wp-content\/uploads\/2024\/11\/IMG_0677-2048x1817.png 2048w\" sizes=\"(max-width: 1024px) 100vw, 1024px\" \/>\t\t\t\t\t\t\t\t\t\t\t\t\t\t\t<\/div>\n\t\t\t\t<\/div>\n\t\t\t\t<\/div>\n\t\t<div class=\"elementor-element elementor-element-b324f40 e-con-full e-flex e-con e-child\" data-id=\"b324f40\" data-element_type=\"container\" data-e-type=\"container\">\n\t\t\t\t<div class=\"elementor-element elementor-element-4dfd2f0 elementor-widget elementor-widget-text-editor\" data-id=\"4dfd2f0\" data-element_type=\"widget\" data-e-type=\"widget\" data-widget_type=\"text-editor.default\">\n\t\t\t\t<div class=\"elementor-widget-container\">\n\t\t\t\t\t\t\t\t\t<div>Das OrderControl-System ist eine ma\u00dfgeschneiderte L\u00f6sung f\u00fcr gastronomische Betriebe, um den Bestell- und Zubereitungsprozess nahtlos zu koordinieren. Mit diesem innovativen System k\u00f6nnen Bestellungen, die sowohl vor Ort als auch online aufgegeben werden, direkt in der K\u00fcche auf einem klar strukturierten Display angezeigt werden. Das K\u00fcchenpersonal erh\u00e4lt sofort alle relevanten Informationen zu den bestellten Gerichten und kann den Fortschritt der Zubereitung einfach verwalten.<\/div><div>\u00a0<\/div><div>Sobald die Bestellung fertig ist, erm\u00f6glicht ein einfacher Klick, das K\u00fcchenpersonal dar\u00fcber zu informieren, dass die Speisen abholbereit sind. Gleichzeitig kann das Servicepersonal oder die Ausgabe benachrichtigt werden, um die Wartezeiten f\u00fcr G\u00e4ste zu minimieren. Dies sorgt f\u00fcr eine effiziente Kommunikation zwischen K\u00fcche und Service, reduziert Fehler und steigert die Gesamtleistung des Betriebs.<\/div><div>\u00a0<\/div><div>Das OrderControl-System ist ideal f\u00fcr Restaurants, Caf\u00e9s und Gastronomiebetriebe jeder Gr\u00f6\u00dfe, die auf Effizienz, pr\u00e4zise Bestellabwicklung und hohe Kundenzufriedenheit setzen. Mit dieser L\u00f6sung optimieren Sie Ihre Arbeitsabl\u00e4ufe und bieten Ihren G\u00e4sten ein schnelleres und reibungsloses kulinarisches Erlebnis.<\/div>\t\t\t\t\t\t\t\t<\/div>\n\t\t\t\t<\/div>\n\t\t\t\t<div class=\"elementor-element elementor-element-459a4c3 elementor-align-left elementor-widget elementor-widget-button\" data-id=\"459a4c3\" data-element_type=\"widget\" data-e-type=\"widget\" data-widget_type=\"button.default\">\n\t\t\t\t<div class=\"elementor-widget-container\">\n\t\t\t\t\t\t\t\t\t<div class=\"elementor-button-wrapper\">\n\t\t\t\t\t<a class=\"elementor-button elementor-button-link elementor-size-md\" href=\"https:\/\/mv-data.at\/?page_id=131\">\n\t\t\t\t\t\t<span class=\"elementor-button-content-wrapper\">\n\t\t\t\t\t\t\t\t\t<span class=\"elementor-button-text\">Kontakt<\/span>\n\t\t\t\t\t<\/span>\n\t\t\t\t\t<\/a>\n\t\t\t\t<\/div>\n\t\t\t\t\t\t\t\t<\/div>\n\t\t\t\t<\/div>\n\t\t\t\t<\/div>\n\t\t\t\t\t<\/div>\n\t\t\t\t<\/div>\n\t\t\t\t<\/div>\n\t\t","protected":false},"excerpt":{"rendered":"<p>OrderControl-System Das OrderControl-System ist eine ma\u00dfgeschneiderte L\u00f6sung f\u00fcr gastronomische Betriebe, um den Bestell- und Zubereitungsprozess nahtlos zu koordinieren. Mit diesem innovativen System k\u00f6nnen Bestellungen, die sowohl vor Ort als auch online aufgegeben werden, direkt in der K\u00fcche auf einem klar strukturierten Display angezeigt werden. Das K\u00fcchenpersonal erh\u00e4lt sofort alle relevanten Informationen zu den bestellten Gerichten [&hellip;]<\/p>\n","protected":false},"author":1,"featured_media":0,"parent":0,"menu_order":0,"comment_status":"closed","ping_status":"closed","template":"elementor_header_footer","meta":{"site-sidebar-layout":"no-sidebar","site-content-layout":"","ast-site-content-layout":"full-width-container","site-content-style":"default","site-sidebar-style":"default","ast-global-header-display":"","ast-banner-title-visibility":"","ast-main-header-display":"","ast-hfb-above-header-display":"","ast-hfb-below-header-display":"","ast-hfb-mobile-header-display":"","site-post-title":"disabled","ast-breadcrumbs-content":"","ast-featured-img":"disabled","footer-sml-layout":"","theme-transparent-header-meta":"","adv-header-id-meta":"","stick-header-meta":"","header-above-stick-meta":"","header-main-stick-meta":"","header-below-stick-meta":"","astra-migrate-meta-layouts":"default","ast-page-background-enabled":"default","ast-page-background-meta":{"desktop":{"background-color":"var(--ast-global-color-4)","background-image":"","background-repeat":"repeat","background-position":"center center","background-size":"auto","background-attachment":"scroll","background-type":"","background-media":"","overlay-type":"","overlay-color":"","overlay-opacity":"","overlay-gradient":""},"tablet":{"background-color":"","background-image":"","background-repeat":"repeat","background-position":"center center","background-size":"auto","background-attachment":"scroll","background-type":"","background-media":"","overlay-type":"","overlay-color":"","overlay-opacity":"","overlay-gradient":""},"mobile":{"background-color":"","background-image":"","background-repeat":"repeat","background-position":"center center","background-size":"auto","background-attachment":"scroll","background-type":"","background-media":"","overlay-type":"","overlay-color":"","overlay-opacity":"","overlay-gradient":""}},"ast-content-background-meta":{"desktop":{"background-color":"var(--ast-global-color-5)","background-image":"","background-repeat":"repeat","background-position":"center center","background-size":"auto","background-attachment":"scroll","background-type":"","background-media":"","overlay-type":"","overlay-color":"","overlay-opacity":"","overlay-gradient":""},"tablet":{"background-color":"var(--ast-global-color-5)","background-image":"","background-repeat":"repeat","background-position":"center center","background-size":"auto","background-attachment":"scroll","background-type":"","background-media":"","overlay-type":"","overlay-color":"","overlay-opacity":"","overlay-gradient":""},"mobile":{"background-color":"var(--ast-global-color-5)","background-image":"","background-repeat":"repeat","background-position":"center center","background-size":"auto","background-attachment":"scroll","background-type":"","background-media":"","overlay-type":"","overlay-color":"","overlay-opacity":"","overlay-gradient":""}},"footnotes":""},"class_list":["post-547","page","type-page","status-publish","hentry"],"_links":{"self":[{"href":"https:\/\/mv-data.at\/index.php?rest_route=\/wp\/v2\/pages\/547","targetHints":{"allow":["GET"]}}],"collection":[{"href":"https:\/\/mv-data.at\/index.php?rest_route=\/wp\/v2\/pages"}],"about":[{"href":"https:\/\/mv-data.at\/index.php?rest_route=\/wp\/v2\/types\/page"}],"author":[{"embeddable":true,"href":"https:\/\/mv-data.at\/index.php?rest_route=\/wp\/v2\/users\/1"}],"replies":[{"embeddable":true,"href":"https:\/\/mv-data.at\/index.php?rest_route=%2Fwp%2Fv2%2Fcomments&post=547"}],"version-history":[{"count":4,"href":"https:\/\/mv-data.at\/index.php?rest_route=\/wp\/v2\/pages\/547\/revisions"}],"predecessor-version":[{"id":553,"href":"https:\/\/mv-data.at\/index.php?rest_route=\/wp\/v2\/pages\/547\/revisions\/553"}],"wp:attachment":[{"href":"https:\/\/mv-data.at\/index.php?rest_route=%2Fwp%2Fv2%2Fmedia&parent=547"}],"curies":[{"name":"wp","href":"https:\/\/api.w.org\/{rel}","templated":true}]}}