{"id":670,"date":"2025-06-23T13:47:59","date_gmt":"2025-06-23T13:47:59","guid":{"rendered":"https:\/\/mv-data.at\/?page_id=670"},"modified":"2025-06-23T16:51:28","modified_gmt":"2025-06-23T16:51:28","slug":"agb-allgemeine-geschaftsbedingungen","status":"publish","type":"page","link":"https:\/\/mv-data.at\/?page_id=670","title":{"rendered":"AGB &#8211; Allgemeine Gesch\u00e4ftsbedingungen\u00a0"},"content":{"rendered":"\t\t<div data-elementor-type=\"wp-page\" data-elementor-id=\"670\" class=\"elementor elementor-670\" data-elementor-post-type=\"page\">\n\t\t\t\t<div class=\"elementor-element elementor-element-b5336dc e-flex e-con-boxed e-con e-parent\" data-id=\"b5336dc\" data-element_type=\"container\" data-e-type=\"container\">\n\t\t\t\t\t<div class=\"e-con-inner\">\n\t\t\t\t<div class=\"elementor-element elementor-element-0d4dcd8 elementor-widget elementor-widget-heading\" data-id=\"0d4dcd8\" data-element_type=\"widget\" data-e-type=\"widget\" data-widget_type=\"heading.default\">\n\t\t\t\t<div class=\"elementor-widget-container\">\n\t\t\t\t\t<h2 class=\"elementor-heading-title elementor-size-default\">Allgemeine Gesch\u00e4ftsbedingungen\n(AGB)<\/h2>\t\t\t\t<\/div>\n\t\t\t\t<\/div>\n\t\t\t\t\t<\/div>\n\t\t\t\t<\/div>\n\t\t<div class=\"elementor-element elementor-element-31738be e-flex e-con-boxed e-con e-parent\" data-id=\"31738be\" data-element_type=\"container\" data-e-type=\"container\">\n\t\t\t\t\t<div class=\"e-con-inner\">\n\t\t\t\t<div class=\"elementor-element elementor-element-c2e7850 elementor-widget elementor-widget-text-editor\" data-id=\"c2e7850\" data-element_type=\"widget\" data-e-type=\"widget\" data-widget_type=\"text-editor.default\">\n\t\t\t\t<div class=\"elementor-widget-container\">\n\t\t\t\t\t\t\t\t\t<p>AGB \u2013 Allgemeine Gesch\u00e4ftsbedingungen<br \/>MV-Data Datenverarbeitungs GmbH<br \/>Stand: Juni 2025<\/p>\t\t\t\t\t\t\t\t<\/div>\n\t\t\t\t<\/div>\n\t\t\t\t<div class=\"elementor-element elementor-element-cd99be7 elementor-widget elementor-widget-text-editor\" data-id=\"cd99be7\" data-element_type=\"widget\" data-e-type=\"widget\" data-widget_type=\"text-editor.default\">\n\t\t\t\t<div class=\"elementor-widget-container\">\n\t\t\t\t\t\t\t\t\t<p><strong>1. Anbieterinformationen<\/strong><br \/>Angaben gem\u00e4\u00df \u00a7 14 UGB<br \/>MV-Data Datenverarbeitungs GmbH<br \/>Sitz: Wien<br \/>Firmenbuchnummer: FN 157026x<br \/>Handelsgericht Wien<\/p>\t\t\t\t\t\t\t\t<\/div>\n\t\t\t\t<\/div>\n\t\t\t\t<div class=\"elementor-element elementor-element-962f3f3 elementor-widget elementor-widget-text-editor\" data-id=\"962f3f3\" data-element_type=\"widget\" data-e-type=\"widget\" data-widget_type=\"text-editor.default\">\n\t\t\t\t<div class=\"elementor-widget-container\">\n\t\t\t\t\t\t\t\t\t<p><strong>2. Vertragsabschluss<\/strong><br \/>Angebote von MV-Data sind freibleibend. Ein Vertrag kommt erst durch ausdr\u00fcckliche<br \/>schriftliche Auftragsbest\u00e4tigung oder durch tats\u00e4chliche Lieferung zustande. Die Annahme<br \/>durch schl\u00fcssiges Verhalten gilt ebenfalls als Vertragsabschluss.<\/p>\t\t\t\t\t\t\t\t<\/div>\n\t\t\t\t<\/div>\n\t\t\t\t<div class=\"elementor-element elementor-element-ad5a6de elementor-widget elementor-widget-text-editor\" data-id=\"ad5a6de\" data-element_type=\"widget\" data-e-type=\"widget\" data-widget_type=\"text-editor.default\">\n\t\t\t\t<div class=\"elementor-widget-container\">\n\t\t\t\t\t\t\t\t\t<p><strong>3. Leistungen<\/strong><br \/>MV-Data liefert EDV-Hardware, Kassensysteme, Softwarel\u00f6sungen sowie begleitende<br \/>Dienstleistungen. Teillieferungen und -leistungen sind zul\u00e4ssig..<\/p>\t\t\t\t\t\t\t\t<\/div>\n\t\t\t\t<\/div>\n\t\t\t\t<div class=\"elementor-element elementor-element-db2713c elementor-widget elementor-widget-text-editor\" data-id=\"db2713c\" data-element_type=\"widget\" data-e-type=\"widget\" data-widget_type=\"text-editor.default\">\n\t\t\t\t<div class=\"elementor-widget-container\">\n\t\t\t\t\t\t\t\t\t<p><strong>4. Preise und Zahlungsbedingungen<\/strong><br \/>Alle Preise verstehen sich netto ab Lager zuz\u00fcglich gesetzlicher Umsatzsteuer,<br \/>Versandkosten und etwaiger Abgaben. Zahlungen sind sofort nach Rechnungserhalt ohne<br \/>Abzug f\u00e4llig, sofern nicht ausdr\u00fccklich schriftlich etwas anderes vereinbart wurde. Bei<br \/>Zahlungsverzug werden Verzugszinsen in H\u00f6he von 9,2\u202f% \u00fcber dem Basiszinssatz gem\u00e4\u00df \u00a7<br \/>456 UGB berechnet.<\/p>\t\t\t\t\t\t\t\t<\/div>\n\t\t\t\t<\/div>\n\t\t\t\t<div class=\"elementor-element elementor-element-6520713 elementor-widget elementor-widget-text-editor\" data-id=\"6520713\" data-element_type=\"widget\" data-e-type=\"widget\" data-widget_type=\"text-editor.default\">\n\t\t\t\t<div class=\"elementor-widget-container\">\n\t\t\t\t\t\t\t\t\t<p><strong>5. Lieferung und Gefahren\u00fcbergang<\/strong><br \/>Lieferfristen sind unverbindlich, sofern nicht ausdr\u00fccklich schriftlich als verbindlich<br \/>vereinbart. Die Gefahr geht mit \u00dcbergabe an den Transporteur auf den Kunden \u00fcber. Der<br \/>Erf\u00fcllungsort ist der Firmensitz von MV-Data. Eine Transportversicherung erfolgt nur auf<br \/>ausdr\u00fccklichen Wunsch und Kosten des Kunden. Unm\u00f6glichkeit oder Lieferverz\u00f6gerungen<br \/>durch h\u00f6here Gewalt entbinden MV-Data von der Lieferverpflichtung f\u00fcr die Dauer der<br \/>St\u00f6rung.<\/p>\t\t\t\t\t\t\t\t<\/div>\n\t\t\t\t<\/div>\n\t\t\t\t<div class=\"elementor-element elementor-element-5853f74 elementor-widget elementor-widget-text-editor\" data-id=\"5853f74\" data-element_type=\"widget\" data-e-type=\"widget\" data-widget_type=\"text-editor.default\">\n\t\t\t\t<div class=\"elementor-widget-container\">\n\t\t\t\t\t\t\t\t\t<p><strong>6. Eigentumsvorbehalt<\/strong><br \/>Gelieferte Waren bleiben bis zur vollst\u00e4ndigen Bezahlung s\u00e4mtlicher Forderungen<br \/>Eigentum von MV-Data. Die Weiterver\u00e4u\u00dferung im ordentlichen Gesch\u00e4ftsgang ist zul\u00e4ssig;<br \/>der Kunde tritt bereits jetzt s\u00e4mtliche daraus entstehenden Forderungen an MV-Data ab.<\/p>\t\t\t\t\t\t\t\t<\/div>\n\t\t\t\t<\/div>\n\t\t\t\t<div class=\"elementor-element elementor-element-32e073a elementor-widget elementor-widget-text-editor\" data-id=\"32e073a\" data-element_type=\"widget\" data-e-type=\"widget\" data-widget_type=\"text-editor.default\">\n\t\t\t\t<div class=\"elementor-widget-container\">\n\t\t\t\t\t\t\t\t\t<p><strong>7. Gew\u00e4hrleistung<\/strong><\/p><p><br \/>1) Die Gew\u00e4hrleistungsfrist wird \u2013 im unternehmerischen Gesch\u00e4ftsverkehr gem\u00e4\u00df \u00a7 9<br \/>KSchG \u2013 auf 12 Monate ab \u00dcbergabe der Ware verk\u00fcrzt.<\/p><p>2) Der Kunde erkl\u00e4rt sich mit dieser Verk\u00fcrzung einverstanden. Mit Abschluss des Kauf-<br \/>oder Liefervertrages mit MV-Data gilt diese Regelung als ausdr\u00fccklich vereinbart.<\/p><p><br \/>3) M\u00e4ngel sind unverz\u00fcglich nach Empfang der Ware schriftlich und detailliert anzuzeigen,<br \/>sp\u00e4testens jedoch innerhalb von 5 Werktagen ab Lieferung. Sp\u00e4ter erhobene M\u00e4ngelr\u00fcgen<br \/>sind ausgeschlossen.<\/p><p><br \/>4) MV-Data ist berechtigt, mangelhafte Ware nach eigener Wahl nachzubessern oder zu<br \/>ersetzen. Dar\u00fcber hinausgehende Anspr\u00fcche, insbesondere auf Wandlung oder<br \/>Preisminderung, sind ausgeschlossen.<\/p><p><br \/>5) Jegliche Gew\u00e4hrleistung entf\u00e4llt bei unsachgem\u00e4\u00dfem Gebrauch, \u00c4nderungen durch<br \/>Dritte, normalen Verschlei\u00df oder bei Einsatz au\u00dferhalb der vorgesehenen Spezifikationen.<\/p><p><br \/>6) Die Verk\u00fcrzung der Gew\u00e4hrleistungsfrist gilt nicht bei Vorsatz, arglistigem Verschweigen<br \/>von M\u00e4ngeln oder Personensch\u00e4den. In diesen F\u00e4llen gelten die gesetzlichen Fristen.<\/p>\t\t\t\t\t\t\t\t<\/div>\n\t\t\t\t<\/div>\n\t\t\t\t<div class=\"elementor-element elementor-element-87742c4 elementor-widget elementor-widget-text-editor\" data-id=\"87742c4\" data-element_type=\"widget\" data-e-type=\"widget\" data-widget_type=\"text-editor.default\">\n\t\t\t\t<div class=\"elementor-widget-container\">\n\t\t\t\t\t\t\t\t\t<p><strong>8. Haftung<\/strong><br \/>MV-Data haftet nur bei Vorsatz oder grober Fahrl\u00e4ssigkeit. F\u00fcr leichte Fahrl\u00e4ssigkeit wird \u2013<br \/>ausgenommen bei Personensch\u00e4den \u2013 die Haftung ausgeschlossen. Eine Haftung f\u00fcr<br \/>mittelbare Sch\u00e4den, Folgesch\u00e4den, Datenverlust oder entgangenen Gewinn ist<br \/>ausgeschlossen. Die Haftung ist der H\u00f6he nach auf den Auftragswert beschr\u00e4nkt, sofern<br \/>nicht zwingende gesetzliche Bestimmungen entgegenstehen.<\/p>\t\t\t\t\t\t\t\t<\/div>\n\t\t\t\t<\/div>\n\t\t\t\t<div class=\"elementor-element elementor-element-aed65b1 elementor-widget elementor-widget-text-editor\" data-id=\"aed65b1\" data-element_type=\"widget\" data-e-type=\"widget\" data-widget_type=\"text-editor.default\">\n\t\t\t\t<div class=\"elementor-widget-container\">\n\t\t\t\t\t\t\t\t\t<p><strong>9. Software und Lizenzen<\/strong><br \/>Softwareprodukte bleiben geistiges Eigentum von MV-Data oder deren Lizenzgebern. Mit<br \/>Lieferung wird dem Kunden ein nicht-exklusives, nicht \u00fcbertragbares Nutzungsrecht f\u00fcr<br \/>den internen gesch\u00e4ftlichen Gebrauch einger\u00e4umt. R\u00fcck\u00fcbersetzung, Bearbeitung,<br \/>Vervielf\u00e4ltigung oder Weitergabe ist unzul\u00e4ssig, sofern nicht ausdr\u00fccklich erlaubt. Open-<br \/>Source-Komponenten unterliegen gesonderten Lizenzbedingungen.<\/p>\t\t\t\t\t\t\t\t<\/div>\n\t\t\t\t<\/div>\n\t\t\t\t<div class=\"elementor-element elementor-element-8284d7b elementor-widget elementor-widget-text-editor\" data-id=\"8284d7b\" data-element_type=\"widget\" data-e-type=\"widget\" data-widget_type=\"text-editor.default\">\n\t\t\t\t<div class=\"elementor-widget-container\">\n\t\t\t\t\t\t\t\t\t<p><strong>10. Datenschutz<\/strong><br \/>MV-Data verarbeitet personenbezogene Daten ausschlie\u00dflich im Rahmen der geltenden<br \/>Datenschutzvorschriften. Details sind der Datenschutzerkl\u00e4rung auf unserer Website zu<br \/>entnehmen.<\/p>\t\t\t\t\t\t\t\t<\/div>\n\t\t\t\t<\/div>\n\t\t\t\t<div class=\"elementor-element elementor-element-691c33f elementor-widget elementor-widget-text-editor\" data-id=\"691c33f\" data-element_type=\"widget\" data-e-type=\"widget\" data-widget_type=\"text-editor.default\">\n\t\t\t\t<div class=\"elementor-widget-container\">\n\t\t\t\t\t\t\t\t\t<p><strong>11. Gerichtsstand und Recht<\/strong><br \/>Es gilt \u00f6sterreichisches Recht unter Ausschluss des UN-Kaufrechts. Gerichtsstand ist Wien,<br \/>sofern gesetzlich zul\u00e4ssig.<\/p>\t\t\t\t\t\t\t\t<\/div>\n\t\t\t\t<\/div>\n\t\t\t\t<div class=\"elementor-element elementor-element-bb4df6c elementor-widget elementor-widget-text-editor\" data-id=\"bb4df6c\" data-element_type=\"widget\" data-e-type=\"widget\" data-widget_type=\"text-editor.default\">\n\t\t\t\t<div class=\"elementor-widget-container\">\n\t\t\t\t\t\t\t\t\t<p><strong>12. Schlussbestimmungen<\/strong><br \/>Sollten einzelne Bestimmungen dieser AGB unwirksam sein, ber\u00fchrt dies nicht die<br \/>Wirksamkeit der \u00fcbrigen Bestimmungen. \u00c4nderungen und Erg\u00e4nzungen bed\u00fcrfen der<br \/>Schriftform.<\/p>\t\t\t\t\t\t\t\t<\/div>\n\t\t\t\t<\/div>\n\t\t\t\t\t<\/div>\n\t\t\t\t<\/div>\n\t\t\t\t<\/div>\n\t\t","protected":false},"excerpt":{"rendered":"<p>Allgemeine Gesch\u00e4ftsbedingungen (AGB) AGB \u2013 Allgemeine Gesch\u00e4ftsbedingungenMV-Data Datenverarbeitungs GmbHStand: Juni 2025 1. AnbieterinformationenAngaben gem\u00e4\u00df \u00a7 14 UGBMV-Data Datenverarbeitungs GmbHSitz: WienFirmenbuchnummer: FN 157026xHandelsgericht Wien 2. VertragsabschlussAngebote von MV-Data sind freibleibend. Ein Vertrag kommt erst durch ausdr\u00fccklicheschriftliche Auftragsbest\u00e4tigung oder durch tats\u00e4chliche Lieferung zustande. Die Annahmedurch schl\u00fcssiges Verhalten gilt ebenfalls als Vertragsabschluss. 3. LeistungenMV-Data liefert EDV-Hardware, Kassensysteme, Softwarel\u00f6sungen [&hellip;]<\/p>\n","protected":false},"author":1,"featured_media":0,"parent":0,"menu_order":0,"comment_status":"closed","ping_status":"closed","template":"elementor_header_footer","meta":{"site-sidebar-layout":"no-sidebar","site-content-layout":"","ast-site-content-layout":"full-width-container","site-content-style":"default","site-sidebar-style":"default","ast-global-header-display":"","ast-banner-title-visibility":"","ast-main-header-display":"","ast-hfb-above-header-display":"","ast-hfb-below-header-display":"","ast-hfb-mobile-header-display":"","site-post-title":"disabled","ast-breadcrumbs-content":"","ast-featured-img":"disabled","footer-sml-layout":"","theme-transparent-header-meta":"","adv-header-id-meta":"","stick-header-meta":"","header-above-stick-meta":"","header-main-stick-meta":"","header-below-stick-meta":"","astra-migrate-meta-layouts":"default","ast-page-background-enabled":"default","ast-page-background-meta":{"desktop":{"background-color":"var(--ast-global-color-4)","background-image":"","background-repeat":"repeat","background-position":"center center","background-size":"auto","background-attachment":"scroll","background-type":"","background-media":"","overlay-type":"","overlay-color":"","overlay-opacity":"","overlay-gradient":""},"tablet":{"background-color":"","background-image":"","background-repeat":"repeat","background-position":"center center","background-size":"auto","background-attachment":"scroll","background-type":"","background-media":"","overlay-type":"","overlay-color":"","overlay-opacity":"","overlay-gradient":""},"mobile":{"background-color":"","background-image":"","background-repeat":"repeat","background-position":"center center","background-size":"auto","background-attachment":"scroll","background-type":"","background-media":"","overlay-type":"","overlay-color":"","overlay-opacity":"","overlay-gradient":""}},"ast-content-background-meta":{"desktop":{"background-color":"var(--ast-global-color-5)","background-image":"","background-repeat":"repeat","background-position":"center center","background-size":"auto","background-attachment":"scroll","background-type":"","background-media":"","overlay-type":"","overlay-color":"","overlay-opacity":"","overlay-gradient":""},"tablet":{"background-color":"var(--ast-global-color-5)","background-image":"","background-repeat":"repeat","background-position":"center center","background-size":"auto","background-attachment":"scroll","background-type":"","background-media":"","overlay-type":"","overlay-color":"","overlay-opacity":"","overlay-gradient":""},"mobile":{"background-color":"var(--ast-global-color-5)","background-image":"","background-repeat":"repeat","background-position":"center center","background-size":"auto","background-attachment":"scroll","background-type":"","background-media":"","overlay-type":"","overlay-color":"","overlay-opacity":"","overlay-gradient":""}},"footnotes":""},"class_list":["post-670","page","type-page","status-publish","hentry"],"_links":{"self":[{"href":"https:\/\/mv-data.at\/index.php?rest_route=\/wp\/v2\/pages\/670","targetHints":{"allow":["GET"]}}],"collection":[{"href":"https:\/\/mv-data.at\/index.php?rest_route=\/wp\/v2\/pages"}],"about":[{"href":"https:\/\/mv-data.at\/index.php?rest_route=\/wp\/v2\/types\/page"}],"author":[{"embeddable":true,"href":"https:\/\/mv-data.at\/index.php?rest_route=\/wp\/v2\/users\/1"}],"replies":[{"embeddable":true,"href":"https:\/\/mv-data.at\/index.php?rest_route=%2Fwp%2Fv2%2Fcomments&post=670"}],"version-history":[{"count":10,"href":"https:\/\/mv-data.at\/index.php?rest_route=\/wp\/v2\/pages\/670\/revisions"}],"predecessor-version":[{"id":686,"href":"https:\/\/mv-data.at\/index.php?rest_route=\/wp\/v2\/pages\/670\/revisions\/686"}],"wp:attachment":[{"href":"https:\/\/mv-data.at\/index.php?rest_route=%2Fwp%2Fv2%2Fmedia&parent=670"}],"curies":[{"name":"wp","href":"https:\/\/api.w.org\/{rel}","templated":true}]}}