{"id":720,"date":"2026-05-14T07:01:06","date_gmt":"2026-05-14T07:01:06","guid":{"rendered":"https:\/\/mv-data.at\/?page_id=720"},"modified":"2026-05-14T07:02:12","modified_gmt":"2026-05-14T07:02:12","slug":"invoicebalanceportal","status":"publish","type":"page","link":"https:\/\/mv-data.at\/?page_id=720","title":{"rendered":"InvoiceBalancePortal"},"content":{"rendered":"\t\t<div data-elementor-type=\"wp-page\" data-elementor-id=\"720\" class=\"elementor elementor-720\" data-elementor-post-type=\"page\">\n\t\t\t\t<div class=\"elementor-element elementor-element-2ad6289b e-flex e-con-boxed e-con e-parent\" data-id=\"2ad6289b\" data-element_type=\"container\" data-e-type=\"container\">\n\t\t\t\t\t<div class=\"e-con-inner\">\n\t\t\t\t<div class=\"elementor-element elementor-element-5581b1c9 elementor-widget elementor-widget-text-editor\" data-id=\"5581b1c9\" data-element_type=\"widget\" data-e-type=\"widget\" data-widget_type=\"text-editor.default\">\n\t\t\t\t<div class=\"elementor-widget-container\">\n\t\t\t\t\t\t\t\t\t<p><\/p>\n<p><\/p>\n<p class=\"has-text-align-center has-x-large-font-size\"><strong>Invoice Balance Portal<\/strong><\/p>\n<p><\/p>\n<p class=\"has-text-align-center has-medium-font-size\">Sichere Plattform f\u00fcr<b> Online-Guthabenverwaltung und Zahlungsabwicklung<\/b><br>f\u00fcr moderne Gesch\u00e4ftsprozesse<\/p>\n<p><\/p>\n<p class=\"has-text-align-left\">Invoice Balance Portal ist eine moderne Plattform zur Vereinfachung der Guthabenverwaltung, Online-Zahlungen und rechnungsbezogenen Finanzprozesse. Das System bietet eine sichere und strukturierte Umgebung f\u00fcr die Verwaltung von Aufladungen, Zahlungsabwicklungen, Transaktionsverfolgung und Guthabenverwaltung \u00fcber ein zentrales Webportal. Entwickelt von MV Data, konzentriert sich Invoice Balance Portal auf Zuverl\u00e4ssigkeit, Transparenz und effiziente Finanzabl\u00e4ufe f\u00fcr Unternehmen, die stabile Online-Zahlungsprozesse ben\u00f6tigen.<\/p>\n<p><\/p>\n<p class=\"has-text-align-left has-medium-font-size\"><strong>Was ist Invoice Balance Portal?<\/strong><\/p>\n<p><\/p>\n<p class=\"has-text-align-left has-medium-font-size\">Invoice Balance Portal ist mehr als nur eine einfache Zahlungsseite. Es handelt sich um eine zentrale Plattform, mit der Unternehmen:<\/p>\n<p class=\"has-text-align-left has-medium-font-size\">\u25cf Guthabenaufladungen erstellen k\u00f6nnen \/ Guthaben aufladen k\u00f6nnen<br>\u25cf Online-Zahlungen sicher verarbeiten k\u00f6nnen<br>\u25cf Zahlungs- und Transaktionsstatus verfolgen k\u00f6nnen<br>\u25cf Unternehmensguthaben einsehen k\u00f6nnen<br>\u25cf Zahlungsbezogene Prozesse zentral verwalten k\u00f6nnen<\/p>\n<p class=\"has-text-align-left has-medium-font-size\">Die Plattform wurde entwickelt, um klare, zuverl\u00e4ssige und transparente Finanzabl\u00e4ufe bereitzustellen.<\/p>\n<p><\/p>\n<p class=\"has-text-align-left has-medium-font-size\"><strong>Zentrale Zahlungs &#8211; und Guthabenverwaltung<\/strong><\/p>\n<p><\/p>\n<p class=\"has-text-align-left has-medium-font-size\">Invoice Balance Portal hilft Unternehmen dabei, fragmentierte Zahlungsprozesse durch einen strukturierten und zentralisierten Workflow zu ersetzen.<br>Die Plattform bietet:<\/p>\n<p class=\"has-text-align-left has-medium-font-size\">\u25cf Zuverl\u00e4ssige Zahlungsabwicklung<br>\u25cf Sichere Transaktionsverarbeitung<br>\u25cf Zentrale Guthabenverwaltung<br>\u25cf Strukturierte Zahlungsnachverfolgung<br>\u25cf Transparenten Bestell- und Zahlungsstatus<\/p>\n<p class=\"has-text-align-left has-medium-font-size\">Das Ergebnis ist ein stabiles und nachvollziehbares System f\u00fcr die Verwaltung von Online- Finanzprozessen.<\/p>\n<p><\/p>\n<p class=\"has-text-align-left has-medium-font-size\"><strong>Entwickelt f\u00fcr den praktischen UnternehmenseinsatzInvoice<\/strong><\/p>\n<p><\/p>\n<p class=\"has-text-align-left has-medium-font-size\">Balance Portal wurde f\u00fcr Unternehmen entwickelt, die eine zuverl\u00e4ssige Online- Zahlungsabwicklung und eine \u00fcbersichtliche Guthabenverwaltung ohne unn\u00f6tige Komplexit\u00e4t ben\u00f6tigen.<br>Die Plattform eignet sich f\u00fcr:<\/p>\n<p class=\"has-text-align-left has-medium-font-size\">\u25cf Unternehmen mit Prepaid-Guthabensystemen<br>\u25cf Online-Dienstleister<br>\u25cf Unternehmen mit strukturierten Zahlungsprozessen<br>\u25cf Organisationen mit rechnungsbezogenen Online-Zahlungen<\/p>\n<p class=\"has-text-align-left has-medium-font-size\"><strong>Fazit<\/strong><br>Invoice Balance Portal kombiniert sichere Zahlungsabwicklung, zentrale Guthabenverwaltung und strukturierte Finanzprozesse in einer praktischen Plattform f\u00fcr moderne Gesch\u00e4ftsabl\u00e4ufe.<\/p>\n<p><\/p>\n<p><\/p>\t\t\t\t\t\t\t\t<\/div>\n\t\t\t\t<\/div>\n\t\t\t\t\t<\/div>\n\t\t\t\t<\/div>\n\t\t<div class=\"elementor-element elementor-element-ddd5186 e-flex e-con-boxed e-con e-parent\" data-id=\"ddd5186\" data-element_type=\"container\" data-e-type=\"container\">\n\t\t\t\t\t<div class=\"e-con-inner\">\n\t\t\t\t<div class=\"elementor-element elementor-element-d06468f elementor-widget elementor-widget-button\" data-id=\"d06468f\" data-element_type=\"widget\" data-e-type=\"widget\" data-widget_type=\"button.default\">\n\t\t\t\t<div class=\"elementor-widget-container\">\n\t\t\t\t\t\t\t\t\t<div class=\"elementor-button-wrapper\">\n\t\t\t\t\t<a class=\"elementor-button elementor-button-link elementor-size-sm\" href=\"#\">\n\t\t\t\t\t\t<span class=\"elementor-button-content-wrapper\">\n\t\t\t\t\t\t\t\t\t<span class=\"elementor-button-text\">Click here<\/span>\n\t\t\t\t\t<\/span>\n\t\t\t\t\t<\/a>\n\t\t\t\t<\/div>\n\t\t\t\t\t\t\t\t<\/div>\n\t\t\t\t<\/div>\n\t\t\t\t\t<\/div>\n\t\t\t\t<\/div>\n\t\t<div class=\"elementor-element elementor-element-eb00fff e-flex e-con-boxed e-con e-parent\" data-id=\"eb00fff\" data-element_type=\"container\" data-e-type=\"container\">\n\t\t\t\t\t<div class=\"e-con-inner\">\n\t\t\t\t<div class=\"elementor-element elementor-element-4334e54 elementor-widget elementor-widget-text-editor\" data-id=\"4334e54\" data-element_type=\"widget\" data-e-type=\"widget\" data-widget_type=\"text-editor.default\">\n\t\t\t\t<div class=\"elementor-widget-container\">\n\t\t\t\t\t\t\t\t\t<p>Lorem ipsum dolor sit amet, consectetur adipiscing elit. Ut elit tellus, luctus nec ullamcorper mattis, pulvinar dapibus leo.<\/p>\t\t\t\t\t\t\t\t<\/div>\n\t\t\t\t<\/div>\n\t\t\t\t\t<\/div>\n\t\t\t\t<\/div>\n\t\t\t\t<\/div>\n\t\t","protected":false},"excerpt":{"rendered":"<p>Invoice Balance Portal Sichere Plattform f\u00fcr Online-Guthabenverwaltung und Zahlungsabwicklungf\u00fcr moderne Gesch\u00e4ftsprozesse Invoice Balance Portal ist eine moderne Plattform zur Vereinfachung der Guthabenverwaltung, Online-Zahlungen und rechnungsbezogenen Finanzprozesse. Das System bietet eine sichere und strukturierte Umgebung f\u00fcr die Verwaltung von Aufladungen, Zahlungsabwicklungen, Transaktionsverfolgung und Guthabenverwaltung \u00fcber ein zentrales Webportal. Entwickelt von MV Data, konzentriert sich Invoice Balance [&hellip;]<\/p>\n","protected":false},"author":1,"featured_media":0,"parent":0,"menu_order":0,"comment_status":"closed","ping_status":"closed","template":"","meta":{"site-sidebar-layout":"default","site-content-layout":"","ast-site-content-layout":"default","site-content-style":"default","site-sidebar-style":"default","ast-global-header-display":"","ast-banner-title-visibility":"","ast-main-header-display":"","ast-hfb-above-header-display":"","ast-hfb-below-header-display":"","ast-hfb-mobile-header-display":"","site-post-title":"disabled","ast-breadcrumbs-content":"","ast-featured-img":"","footer-sml-layout":"","theme-transparent-header-meta":"","adv-header-id-meta":"","stick-header-meta":"","header-above-stick-meta":"","header-main-stick-meta":"","header-below-stick-meta":"","astra-migrate-meta-layouts":"default","ast-page-background-enabled":"default","ast-page-background-meta":{"desktop":{"background-color":"var(--ast-global-color-4)","background-image":"","background-repeat":"repeat","background-position":"center center","background-size":"auto","background-attachment":"scroll","background-type":"","background-media":"","overlay-type":"","overlay-color":"","overlay-opacity":"","overlay-gradient":""},"tablet":{"background-color":"","background-image":"","background-repeat":"repeat","background-position":"center center","background-size":"auto","background-attachment":"scroll","background-type":"","background-media":"","overlay-type":"","overlay-color":"","overlay-opacity":"","overlay-gradient":""},"mobile":{"background-color":"","background-image":"","background-repeat":"repeat","background-position":"center center","background-size":"auto","background-attachment":"scroll","background-type":"","background-media":"","overlay-type":"","overlay-color":"","overlay-opacity":"","overlay-gradient":""}},"ast-content-background-meta":{"desktop":{"background-color":"var(--ast-global-color-5)","background-image":"","background-repeat":"repeat","background-position":"center center","background-size":"auto","background-attachment":"scroll","background-type":"","background-media":"","overlay-type":"","overlay-color":"","overlay-opacity":"","overlay-gradient":""},"tablet":{"background-color":"var(--ast-global-color-5)","background-image":"","background-repeat":"repeat","background-position":"center center","background-size":"auto","background-attachment":"scroll","background-type":"","background-media":"","overlay-type":"","overlay-color":"","overlay-opacity":"","overlay-gradient":""},"mobile":{"background-color":"var(--ast-global-color-5)","background-image":"","background-repeat":"repeat","background-position":"center center","background-size":"auto","background-attachment":"scroll","background-type":"","background-media":"","overlay-type":"","overlay-color":"","overlay-opacity":"","overlay-gradient":""}},"footnotes":""},"class_list":["post-720","page","type-page","status-publish","hentry"],"_links":{"self":[{"href":"https:\/\/mv-data.at\/index.php?rest_route=\/wp\/v2\/pages\/720","targetHints":{"allow":["GET"]}}],"collection":[{"href":"https:\/\/mv-data.at\/index.php?rest_route=\/wp\/v2\/pages"}],"about":[{"href":"https:\/\/mv-data.at\/index.php?rest_route=\/wp\/v2\/types\/page"}],"author":[{"embeddable":true,"href":"https:\/\/mv-data.at\/index.php?rest_route=\/wp\/v2\/users\/1"}],"replies":[{"embeddable":true,"href":"https:\/\/mv-data.at\/index.php?rest_route=%2Fwp%2Fv2%2Fcomments&post=720"}],"version-history":[{"count":34,"href":"https:\/\/mv-data.at\/index.php?rest_route=\/wp\/v2\/pages\/720\/revisions"}],"predecessor-version":[{"id":754,"href":"https:\/\/mv-data.at\/index.php?rest_route=\/wp\/v2\/pages\/720\/revisions\/754"}],"wp:attachment":[{"href":"https:\/\/mv-data.at\/index.php?rest_route=%2Fwp%2Fv2%2Fmedia&parent=720"}],"curies":[{"name":"wp","href":"https:\/\/api.w.org\/{rel}","templated":true}]}}